{"id":3261,"date":"2025-09-11T14:59:45","date_gmt":"2025-09-11T17:59:45","guid":{"rendered":"https:\/\/regisbike.com.br\/?post_type=product&#038;p=3261"},"modified":"2025-09-11T14:59:45","modified_gmt":"2025-09-11T17:59:45","slug":"bicicleta-infantil-groove-indie-24-alloy","status":"publish","type":"product","link":"https:\/\/regisbike.com.br\/?product=bicicleta-infantil-groove-indie-24-alloy","title":{"rendered":"BICICLETA INFANTIL GROOVE INDIE 24 ALLOY"},"content":{"rendered":"<table style=\"height: 1346px\" width=\"888\">\n<tbody>\n<tr>\n<td width=\"320\"><strong>TAMANHOS<\/strong><\/td>\n<td>\u00daNICO \/ ARO 24<\/td>\n<\/tr>\n<tr>\n<td width=\"320\"><strong>COR<\/strong><\/td>\n<td>ROSA\/PRETO<\/td>\n<\/tr>\n<tr>\n<td width=\"320\"><strong>QUADRO<\/strong><\/td>\n<td>ALLOY &#8220;GARANTIA VITAL\u00cdCIA LIMITADA&#8221;<\/td>\n<\/tr>\n<tr>\n<td width=\"320\"><strong>SUSPENS\u00c3O<\/strong><\/td>\n<td>GROOVE 80MM<\/td>\n<\/tr>\n<tr>\n<td width=\"320\"><strong>TROCADOR<\/strong><\/td>\n<td>AT-M100 3\/7V INTEGRADO<\/td>\n<\/tr>\n<tr>\n<td width=\"320\"><strong>C\u00c2MBIO TRASEIRO<\/strong><\/td>\n<td>SHIMANO RD-TZ31 7V<\/td>\n<\/tr>\n<tr>\n<td width=\"320\"><strong>C\u00c2MBIO DIANTEIRO<\/strong><\/td>\n<td>SHIMANO FD-TZ500<\/td>\n<\/tr>\n<tr>\n<td width=\"320\"><strong>PEDIVELA<\/strong><\/td>\n<td>SHIMANO FC-TY301 42\/34\/24T 150MM<\/td>\n<\/tr>\n<tr>\n<td width=\"320\"><strong>CASSETE OU RODA LIVRE<\/strong><\/td>\n<td>13-28D 7V<\/td>\n<\/tr>\n<tr>\n<td width=\"320\"><strong>CORRENTE<\/strong><\/td>\n<td>1\/2&#8243; X 3\/32&#8243; INDEXADA<\/td>\n<\/tr>\n<tr>\n<td width=\"320\"><strong>ALAVANCA DE FREIO<\/strong><\/td>\n<td>ALUM\u00cdNIO NYLON AT-M100 INTEGRADO<\/td>\n<\/tr>\n<tr>\n<td width=\"320\"><strong>FREIO<\/strong><\/td>\n<td>V-BRAKE<\/td>\n<\/tr>\n<tr>\n<td width=\"320\"><strong>MOVIMENTO CENTRAL<\/strong><\/td>\n<td>GROOVE SELADO<\/td>\n<\/tr>\n<tr>\n<td width=\"320\"><strong>CUBOS<\/strong><\/td>\n<td>A\u00c7O<\/td>\n<\/tr>\n<tr>\n<td width=\"320\"><strong>RAIOS<\/strong><\/td>\n<td>PRETO<\/td>\n<\/tr>\n<tr>\n<td width=\"320\"><strong>AROS<\/strong><\/td>\n<td>ALUM\u00cdNIO<\/td>\n<\/tr>\n<tr>\n<td width=\"320\"><strong>GUID\u00c3O<\/strong><\/td>\n<td>A\u00c7O CARBONO 560MM<\/td>\n<\/tr>\n<tr>\n<td width=\"320\"><strong>MESA<\/strong><\/td>\n<td>A\u00c7O CARBONO AHEADSET<\/td>\n<\/tr>\n<tr>\n<td width=\"320\"><strong>CANOTE<\/strong><\/td>\n<td>ALUM\u00cdNIO 27,2<\/td>\n<\/tr>\n<tr>\n<td width=\"320\"><strong>ABRA\u00c7ADEIRA DE SELIM<\/strong><\/td>\n<td>GROOVE BLOCAGEM ALUM\u00cdNIO 31,8MM<\/td>\n<\/tr>\n<tr>\n<td width=\"320\"><strong>SELIM<\/strong><\/td>\n<td>GROOVE A M S<\/td>\n<\/tr>\n<tr>\n<td width=\"320\"><strong>PNEU<\/strong><\/td>\n<td>CHAOYANG MTB 24&#8243;<\/td>\n<\/tr>\n<tr>\n<td width=\"320\"><strong>PESO<\/strong><\/td>\n<td>12,6KG<\/td>\n<\/tr>\n<\/tbody>\n<\/table>\n","protected":false},"excerpt":{"rendered":"<p><a href=\"https:\/\/regisbike.com.br\/wp-content\/uploads\/2025\/09\/Indie-24-alloy-.png\"><img decoding=\"async\" loading=\"lazy\" class=\"alignnone size-full wp-image-3268\" src=\"https:\/\/regisbike.com.br\/wp-content\/uploads\/2025\/09\/Indie-24-alloy-.png\" alt=\"\" width=\"271\" height=\"35\" \/><\/a><\/p>\n<p><strong>A Indie 24 alloy \u00e9 uma mountain bike infanto-juvenil, para crian\u00e7as de 08 a 12 anos e com altura de 1,35 a 1,55. Como o pr\u00f3prio nome j\u00e1 diz, \u00e9 montada em quadro de alum\u00ednio e projetada para encarar muitos terrenos. Vem equipada com transmiss\u00e3o de 21 velocidades Shimano, pneus Chaoyang e suspens\u00e3o Groove que administra as imperfei\u00e7\u00f5es e os impactos das trilhas. Alavanca de freio adequada ao tamanho da crian\u00e7a. Isso tudo permite que sua filha tenha liberdade em suas aventuras.<\/strong><\/p>\n","protected":false},"featured_media":3262,"comment_status":"open","ping_status":"closed","template":"","meta":[],"product_cat":[58,60],"product_tag":[],"_links":{"self":[{"href":"https:\/\/regisbike.com.br\/index.php?rest_route=\/wp\/v2\/product\/3261"}],"collection":[{"href":"https:\/\/regisbike.com.br\/index.php?rest_route=\/wp\/v2\/product"}],"about":[{"href":"https:\/\/regisbike.com.br\/index.php?rest_route=\/wp\/v2\/types\/product"}],"replies":[{"embeddable":true,"href":"https:\/\/regisbike.com.br\/index.php?rest_route=%2Fwp%2Fv2%2Fcomments&post=3261"}],"wp:featuredmedia":[{"embeddable":true,"href":"https:\/\/regisbike.com.br\/index.php?rest_route=\/wp\/v2\/media\/3262"}],"wp:attachment":[{"href":"https:\/\/regisbike.com.br\/index.php?rest_route=%2Fwp%2Fv2%2Fmedia&parent=3261"}],"wp:term":[{"taxonomy":"product_cat","embeddable":true,"href":"https:\/\/regisbike.com.br\/index.php?rest_route=%2Fwp%2Fv2%2Fproduct_cat&post=3261"},{"taxonomy":"product_tag","embeddable":true,"href":"https:\/\/regisbike.com.br\/index.php?rest_route=%2Fwp%2Fv2%2Fproduct_tag&post=3261"}],"curies":[{"name":"wp","href":"https:\/\/api.w.org\/{rel}","templated":true}]}}