{"id":3269,"date":"2025-09-11T15:09:45","date_gmt":"2025-09-11T18:09:45","guid":{"rendered":"https:\/\/regisbike.com.br\/?post_type=product&#038;p=3269"},"modified":"2025-09-11T15:09:45","modified_gmt":"2025-09-11T18:09:45","slug":"bicicleta-infantil-groove-hype-jr-20%e2%80%b3","status":"publish","type":"product","link":"https:\/\/regisbike.com.br\/?product=bicicleta-infantil-groove-hype-jr-20%e2%80%b3","title":{"rendered":"BICICLETA INFANTIL GROOVE HYPE JR 20\u2033"},"content":{"rendered":"<table width=\"0\">\n<tbody>\n<tr>\n<td width=\"320\"><strong>TAMANHOS<\/strong><\/td>\n<td>\u00daNICO \/ 20&#8243;<\/td>\n<\/tr>\n<tr>\n<td width=\"320\"><strong>COR<\/strong><\/td>\n<td>GRAFITE FOSCO\/AZUL<\/td>\n<\/tr>\n<tr>\n<td width=\"320\"><strong>QUADRO<\/strong><\/td>\n<td>GROOVE ALUM\u00cdNIO CABEAMENTO INTERNO GARANTIA VITAL\u00cdCIA LIMITADA<\/td>\n<\/tr>\n<tr>\n<td width=\"320\"><strong>SUSPENS\u00c3O<\/strong><\/td>\n<td>GROOVE 80MM<\/td>\n<\/tr>\n<tr>\n<td width=\"320\"><strong>TROCADOR<\/strong><\/td>\n<td>AL-M210 7V OU SHIMANO SL-M315<\/td>\n<\/tr>\n<tr>\n<td width=\"320\"><strong>C\u00c2MBIO TRASEIRO<\/strong><\/td>\n<td>SHIMANO RD-FT35 7V<\/td>\n<\/tr>\n<tr>\n<td width=\"320\"><strong>C\u00c2MBIO DIANTEIRO<\/strong><\/td>\n<td>&#8211;<\/td>\n<\/tr>\n<tr>\n<td width=\"320\"><strong>PEDIVELA<\/strong><\/td>\n<td>PROWHEEL 28D 127MM &#8211; SINGLE COM PROTETOR<\/td>\n<\/tr>\n<tr>\n<td width=\"320\"><strong>CASSETE OU RODA LIVRE<\/strong><\/td>\n<td>13-28D 7V<\/td>\n<\/tr>\n<tr>\n<td width=\"320\"><strong>CORRENTE<\/strong><\/td>\n<td>TAYA TB-50 1\/2*3\/32* I 106 LINKS<\/td>\n<\/tr>\n<tr>\n<td width=\"320\"><strong>ALAVANCA DE FREIO<\/strong><\/td>\n<td>ALUM\u00cdNIO PRETO 2 DEDOS<\/td>\n<\/tr>\n<tr>\n<td width=\"320\"><strong>FREIO<\/strong><\/td>\n<td>GROOVE DISCO MEC\u00c2NICO ROTOR 160MM<\/td>\n<\/tr>\n<tr>\n<td width=\"320\"><strong>MOVIMENTO CENTRAL<\/strong><\/td>\n<td>GROOVE SELADO<\/td>\n<\/tr>\n<tr>\n<td width=\"320\"><strong>CUBOS<\/strong><\/td>\n<td>A\u00c7O<\/td>\n<\/tr>\n<tr>\n<td width=\"320\"><strong>RAIOS<\/strong><\/td>\n<td>A\u00c7O ZINCADO<\/td>\n<\/tr>\n<tr>\n<td width=\"320\"><strong>AROS<\/strong><\/td>\n<td>GROOVE ALUM\u00cdNIO PAREDE DUPLA<\/td>\n<\/tr>\n<tr>\n<td width=\"320\"><strong>GUID\u00c3O<\/strong><\/td>\n<td>A\u00c7O CARBONO 580MM<\/td>\n<\/tr>\n<tr>\n<td width=\"320\"><strong>MESA<\/strong><\/td>\n<td>GROOVE ALUM\u00cdNIO 25.4MM 40MM<\/td>\n<\/tr>\n<tr>\n<td width=\"320\"><strong>CANOTE<\/strong><\/td>\n<td>ALUM\u00cdNIO 27.2MM 300MM<\/td>\n<\/tr>\n<tr>\n<td width=\"320\"><strong>ABRA\u00c7ADEIRA DE SELIM<\/strong><\/td>\n<td>GROOVE BLOCAGEM ALUM\u00cdNIO 31.8MM<\/td>\n<\/tr>\n<tr>\n<td width=\"320\"><strong>SELIM<\/strong><\/td>\n<td>SELIM GROOVE<\/td>\n<\/tr>\n<tr>\n<td width=\"320\"><strong>PNEU<\/strong><\/td>\n<td>CHAOYANG MTB 20X2.0<\/td>\n<\/tr>\n<tr>\n<td width=\"320\"><strong>PESO<\/strong><\/td>\n<td>11.4 KG APROX<\/td>\n<\/tr>\n<\/tbody>\n<\/table>\n","protected":false},"excerpt":{"rendered":"<p><a href=\"https:\/\/regisbike.com.br\/wp-content\/uploads\/2025\/09\/Hype-Jr-20.png\"><img decoding=\"async\" loading=\"lazy\" class=\"alignnone size-full wp-image-3270\" src=\"https:\/\/regisbike.com.br\/wp-content\/uploads\/2025\/09\/Hype-Jr-20.png\" alt=\"\" width=\"197\" height=\"24\" \/><\/a><\/p>\n<p><strong>A Hype Jr 20 \u00e9 a bike perfeita para seu filho come\u00e7ar a se aventurar nas trilhas com divers\u00e3o, controle e confian\u00e7a.<\/strong><\/p>\n<p><strong>Quadro de alum\u00ednio com cabeamento interno, rodas aro 20\u2033, freios a disco mec\u00e2nico, suspens\u00e3o e c\u00e2mbio de 7v faz da Hype Jr 20 a bike ideal e completa para seu filho se divertir em qualquer trilhas pelo caminho.<\/strong><\/p>\n","protected":false},"featured_media":3271,"comment_status":"open","ping_status":"closed","template":"","meta":[],"product_cat":[58,60],"product_tag":[],"_links":{"self":[{"href":"https:\/\/regisbike.com.br\/index.php?rest_route=\/wp\/v2\/product\/3269"}],"collection":[{"href":"https:\/\/regisbike.com.br\/index.php?rest_route=\/wp\/v2\/product"}],"about":[{"href":"https:\/\/regisbike.com.br\/index.php?rest_route=\/wp\/v2\/types\/product"}],"replies":[{"embeddable":true,"href":"https:\/\/regisbike.com.br\/index.php?rest_route=%2Fwp%2Fv2%2Fcomments&post=3269"}],"wp:featuredmedia":[{"embeddable":true,"href":"https:\/\/regisbike.com.br\/index.php?rest_route=\/wp\/v2\/media\/3271"}],"wp:attachment":[{"href":"https:\/\/regisbike.com.br\/index.php?rest_route=%2Fwp%2Fv2%2Fmedia&parent=3269"}],"wp:term":[{"taxonomy":"product_cat","embeddable":true,"href":"https:\/\/regisbike.com.br\/index.php?rest_route=%2Fwp%2Fv2%2Fproduct_cat&post=3269"},{"taxonomy":"product_tag","embeddable":true,"href":"https:\/\/regisbike.com.br\/index.php?rest_route=%2Fwp%2Fv2%2Fproduct_tag&post=3269"}],"curies":[{"name":"wp","href":"https:\/\/api.w.org\/{rel}","templated":true}]}}