{"id":3296,"date":"2025-09-15T10:40:54","date_gmt":"2025-09-15T13:40:54","guid":{"rendered":"https:\/\/regisbike.com.br\/?post_type=product&#038;p=3296"},"modified":"2025-09-15T10:40:54","modified_gmt":"2025-09-15T13:40:54","slug":"bicicleta-groove-overdrive-carbon-24v-shimano-105","status":"publish","type":"product","link":"https:\/\/regisbike.com.br\/?product=bicicleta-groove-overdrive-carbon-24v-shimano-105","title":{"rendered":"BICICLETA GROOVE OVERDRIVE CARBON 24V SHIMANO 105"},"content":{"rendered":"<table width=\"0\">\n<tbody>\n<tr>\n<td width=\"320\"><strong>TAMANHOS<\/strong><\/td>\n<td>S(50) &#8211; M(52) &#8211; L(54) &#8211; XL(56) \/ 700C<\/td>\n<\/tr>\n<tr>\n<td width=\"320\"><strong>COR<\/strong><\/td>\n<td>AZUL\/PRETO FOSCO &#8211; BORD\u00d4\/GRAFITE FOSCO<\/td>\n<\/tr>\n<tr>\n<td width=\"320\"><strong>QUADRO<\/strong><\/td>\n<td>GROOVE CARBONO MITSUBISHI ENDURANCE CABEAMENTO INTERNO GROOVE<\/td>\n<\/tr>\n<tr>\n<td width=\"320\"><strong>SUSPENS\u00c3O<\/strong><\/td>\n<td>GARFO GROOVE CARBONO DISC FLAT MOUNT<\/td>\n<\/tr>\n<tr>\n<td width=\"320\"><strong>TROCADOR<\/strong><\/td>\n<td>SHIMANO 105 ST-R7120<\/td>\n<\/tr>\n<tr>\n<td width=\"320\"><strong>C\u00c2MBIO TRASEIRO<\/strong><\/td>\n<td>SHIMANO 105 RD-R7100 12V<\/td>\n<\/tr>\n<tr>\n<td width=\"320\"><strong>C\u00c2MBIO DIANTEIRO<\/strong><\/td>\n<td>SHIMANO 105 FD-R7100 2V<\/td>\n<\/tr>\n<tr>\n<td width=\"320\"><strong>PEDIVELA<\/strong><\/td>\n<td>SHIMANO 105 FC-R7100 52\/36T (S) 170MM L (M-L-XL) 172.5MM<\/td>\n<\/tr>\n<tr>\n<td width=\"320\"><strong>CASSETE OU RODA LIVRE<\/strong><\/td>\n<td>SHIMANO 105 CS-R7101<\/td>\n<\/tr>\n<tr>\n<td width=\"320\"><strong>CORRENTE<\/strong><\/td>\n<td>SHIMANO 105 CN-M7100 12V<\/td>\n<\/tr>\n<tr>\n<td width=\"320\"><strong>ALAVANCA DE FREIO<\/strong><\/td>\n<td>SHIMANO 105 ST-R7170<\/td>\n<\/tr>\n<tr>\n<td width=\"320\"><strong>FREIO<\/strong><\/td>\n<td>SHIMANO HIDR\u00c1ULICO BR-R7170 ROTOR SHIMANO SM-RT70 DT 160MM\/TR 140MM<\/td>\n<\/tr>\n<tr>\n<td width=\"320\"><strong>MOVIMENTO CENTRAL<\/strong><\/td>\n<td>SHIMANO PRESS FIT TYPE FOR ROAD<\/td>\n<\/tr>\n<tr>\n<td width=\"320\"><strong>CUBOS<\/strong><\/td>\n<td>SHIMANO ALUM\u00cdNIO -(RODA WH-RS370-TL-FR12)<\/td>\n<\/tr>\n<tr>\n<td width=\"320\"><strong>RAIOS<\/strong><\/td>\n<td>SHIMANO INOX -(RODA WH-RS370-TL-FR12)<\/td>\n<\/tr>\n<tr>\n<td width=\"320\"><strong>AROS<\/strong><\/td>\n<td>SHIMANO ALUM\u00cdNIO -(RODA WH-RS370-TL-FR12)<\/td>\n<\/tr>\n<tr>\n<td width=\"320\"><strong>GUID\u00c3O<\/strong><\/td>\n<td>CARBONO COM MESA INTEGRADA (S) 380MM L (M-L) 400MM L (XL) 420MM<\/td>\n<\/tr>\n<tr>\n<td width=\"320\"><strong>MESA<\/strong><\/td>\n<td>CARBONO INTEGRADA AO GUID\u00c3O (S) 90MM L (M-L) 100MM L (XL) 110MM<\/td>\n<\/tr>\n<tr>\n<td width=\"320\"><strong>CANOTE<\/strong><\/td>\n<td>CARBONO 27.2MM<\/td>\n<\/tr>\n<tr>\n<td width=\"320\"><strong>ABRA\u00c7ADEIRA DE SELIM<\/strong><\/td>\n<td>INTEGRADA<\/td>\n<\/tr>\n<tr>\n<td width=\"320\"><strong>SELIM<\/strong><\/td>\n<td>GROOVE<\/td>\n<\/tr>\n<tr>\n<td width=\"320\"><strong>PNEU<\/strong><\/td>\n<td>VITTORIA CORSA N.EXT 28C<\/td>\n<\/tr>\n<tr>\n<td width=\"320\"><strong>PESO<\/strong><\/td>\n<td>8.2 KG<\/td>\n<\/tr>\n<tr>\n<td width=\"320\"><strong>GARANTIA QUADRO<\/strong><\/td>\n<td>GARANTIA DE 02 ANOS QUADRO \/ GARFO 06 MESES<\/td>\n<\/tr>\n<tr>\n<td width=\"320\"><strong>GARANTIA COMPONENTES<\/strong><\/td>\n<td>06 MESES<\/td>\n<\/tr>\n<tr>\n<td width=\"320\"><strong>MANUAL<\/strong><\/td>\n<td><a href=\"https:\/\/groovebikes.com.br\/wp-content\/uploads\/2019\/07\/MANUAL-DO-USUARIO-GROOVE-2022-EDICAO-2022-09.pdf\">DOWNLOAD<\/a><\/td>\n<\/tr>\n<tr>\n<td width=\"320\"><strong>BATERIA<\/strong><\/td>\n<td>SHIMANO SD300<\/td>\n<\/tr>\n<\/tbody>\n<\/table>\n","protected":false},"excerpt":{"rendered":"<p><a href=\"https:\/\/regisbike.com.br\/wp-content\/uploads\/2025\/09\/logo-overdrive-carbon-105.png\"><img decoding=\"async\" loading=\"lazy\" class=\"alignnone size-full wp-image-3299\" src=\"https:\/\/regisbike.com.br\/wp-content\/uploads\/2025\/09\/logo-overdrive-carbon-105.png\" alt=\"\" width=\"300\" height=\"48\" \/><\/a><\/p>\n<p><strong>Groove Overdrive Carbon<br \/>\n<\/strong><\/p>\n<p>Uma bicicleta de estrada endurance projetada para ciclistas que buscam conforto, precis\u00e3o e desempenho. Com um design aerodin\u00e2mico, essa road bike oferece m\u00e1xima efici\u00eancia e velocidade, sendo ideal para desafios intensos, percursos de longa dist\u00e2ncia e eventos como Granfondos e L\u2019\u00c9tape.<\/p>\n<p>&nbsp;<\/p>\n<h4><strong>Quadro da bike: garantia e detalhes<\/strong><\/h4>\n<p class=\"\" data-start=\"1479\" data-end=\"1745\">O quadro da\u00a0<strong data-start=\"1491\" data-end=\"1529\">Groove Overdrive Carbon Mitsubishi<\/strong>\u00a0\u00e9 constru\u00eddo em fibra de carbono, com caixa de dire\u00e7\u00e3o\u00a0<strong data-start=\"1585\" data-end=\"1596\">tapered<\/strong>, cabeamento interno e garfo tamb\u00e9m em carbono. O quadro possui\u00a0<strong data-start=\"1660\" data-end=\"1682\">2 anos de garantia<\/strong>, enquanto os demais componentes t\u00eam garantia de\u00a0<strong data-start=\"1731\" data-end=\"1742\">6 meses<\/strong>.<\/p>\n<p><strong>Cockpit<\/strong><\/p>\n<p class=\"\" data-start=\"1771\" data-end=\"1937\">O cockpit \u00e9\u00a0<strong data-start=\"1783\" data-end=\"1799\">100% carbono<\/strong>, incluindo guid\u00e3o, mesa e canote. O guid\u00e3o e a mesa contam com cabeamento interno, e seus tamanhos variam conforme o tamanho do quadro.<\/p>\n<h4><strong>Pneus: Os pneus Vittoria de alta qualidade de competi\u00e7\u00e3o equipa a linha Overdrive.<\/strong><\/h4>\n","protected":false},"featured_media":3298,"comment_status":"open","ping_status":"closed","template":"","meta":[],"product_cat":[58,124],"product_tag":[],"_links":{"self":[{"href":"https:\/\/regisbike.com.br\/index.php?rest_route=\/wp\/v2\/product\/3296"}],"collection":[{"href":"https:\/\/regisbike.com.br\/index.php?rest_route=\/wp\/v2\/product"}],"about":[{"href":"https:\/\/regisbike.com.br\/index.php?rest_route=\/wp\/v2\/types\/product"}],"replies":[{"embeddable":true,"href":"https:\/\/regisbike.com.br\/index.php?rest_route=%2Fwp%2Fv2%2Fcomments&post=3296"}],"wp:featuredmedia":[{"embeddable":true,"href":"https:\/\/regisbike.com.br\/index.php?rest_route=\/wp\/v2\/media\/3298"}],"wp:attachment":[{"href":"https:\/\/regisbike.com.br\/index.php?rest_route=%2Fwp%2Fv2%2Fmedia&parent=3296"}],"wp:term":[{"taxonomy":"product_cat","embeddable":true,"href":"https:\/\/regisbike.com.br\/index.php?rest_route=%2Fwp%2Fv2%2Fproduct_cat&post=3296"},{"taxonomy":"product_tag","embeddable":true,"href":"https:\/\/regisbike.com.br\/index.php?rest_route=%2Fwp%2Fv2%2Fproduct_tag&post=3296"}],"curies":[{"name":"wp","href":"https:\/\/api.w.org\/{rel}","templated":true}]}}