{"id":3301,"date":"2025-09-15T10:45:45","date_gmt":"2025-09-15T13:45:45","guid":{"rendered":"https:\/\/regisbike.com.br\/?post_type=product&#038;p=3301"},"modified":"2025-09-15T10:45:46","modified_gmt":"2025-09-15T13:45:46","slug":"bicicleta-groove-overdrive-carbon-105-di2-24v","status":"publish","type":"product","link":"https:\/\/regisbike.com.br\/?product=bicicleta-groove-overdrive-carbon-105-di2-24v","title":{"rendered":"BICICLETA GROOVE OVERDRIVE CARBON 105 DI2 24V"},"content":{"rendered":"<table style=\"height: 1445px\" width=\"894\">\n<tbody>\n<tr>\n<td width=\"320\"><strong>TAMANHOS<\/strong><\/td>\n<td>S(50) &#8211; M(52) &#8211; L(54) &#8211; XL(56) \/ 700C<\/td>\n<\/tr>\n<tr>\n<td width=\"320\"><strong>COR<\/strong><\/td>\n<td>AZUL\/PRETO FOSCO &#8211; BORD\u00d4\/GRAFITE FOSCO<\/td>\n<\/tr>\n<tr>\n<td width=\"320\"><strong>QUADRO<\/strong><\/td>\n<td>GROOVE CARBONO MITSUBISHI ENDURANCE CABEAMENTO INTERNO GROOVE<\/td>\n<\/tr>\n<tr>\n<td width=\"320\"><strong>SUSPENS\u00c3O<\/strong><\/td>\n<td>GARFO GROOVE CARBONO DISC FLAT MOUNT<\/td>\n<\/tr>\n<tr>\n<td width=\"320\"><strong>TROCADOR<\/strong><\/td>\n<td>SHIMANO 105 DI2 ST-R7170<\/td>\n<\/tr>\n<tr>\n<td width=\"320\"><strong>C\u00c2MBIO TRASEIRO<\/strong><\/td>\n<td>SHIMANO 105 DI2 RD-R7150 12V<\/td>\n<\/tr>\n<tr>\n<td width=\"320\"><strong>C\u00c2MBIO DIANTEIRO<\/strong><\/td>\n<td>SHIMANO 105 DI2 FD-R7150 2V<\/td>\n<\/tr>\n<tr>\n<td width=\"320\"><strong>PEDIVELA<\/strong><\/td>\n<td>SHIMANO 105 FC-R7100 52\/36T (S) 170MM L (M-L-XL) 172.5MM<\/td>\n<\/tr>\n<tr>\n<td width=\"320\"><strong>CASSETE OU RODA LIVRE<\/strong><\/td>\n<td>SHIMANO 105 CS-R7101<\/td>\n<\/tr>\n<tr>\n<td width=\"320\"><strong>CORRENTE<\/strong><\/td>\n<td>SHIMANO 105 CN-M7100 12V<\/td>\n<\/tr>\n<tr>\n<td width=\"320\"><strong>ALAVANCA DE FREIO<\/strong><\/td>\n<td>SHIMANO 105 ST-R7170<\/td>\n<\/tr>\n<tr>\n<td width=\"320\"><strong>FREIO<\/strong><\/td>\n<td>SHIMANO HIDR\u00c1ULICO BR-R7170 ROTOR SHIMANO SM-RT70 DT 160MM\/TR 140MM<\/td>\n<\/tr>\n<tr>\n<td width=\"320\"><strong>MOVIMENTO CENTRAL<\/strong><\/td>\n<td>SHIMANO PRESS FIT TYPE FOR ROAD<\/td>\n<\/tr>\n<tr>\n<td width=\"320\"><strong>CUBOS<\/strong><\/td>\n<td>SHIMANO C46 CARBONO &#8211; (RODA WH-RS710-C46-TL)<\/td>\n<\/tr>\n<tr>\n<td width=\"320\"><strong>RAIOS<\/strong><\/td>\n<td>SHIMANO C46 CARBONO &#8211; (RODA WH-RS710-C46-TL)<\/td>\n<\/tr>\n<tr>\n<td width=\"320\"><strong>AROS<\/strong><\/td>\n<td>SHIMANO C46 CARBONO &#8211; (RODA WH-RS710-C46-TL)<\/td>\n<\/tr>\n<tr>\n<td width=\"320\"><strong>GUID\u00c3O<\/strong><\/td>\n<td>CARBONO COM MESA INTEGRADA (S) 380MM L (M-L) 400MM L (XL) 420MM<\/td>\n<\/tr>\n<tr>\n<td width=\"320\"><strong>MESA<\/strong><\/td>\n<td>CARBONO INTEGRADA AO GUID\u00c3O (S) 90MM L (M-L) 100MM L (XL) 110MM<\/td>\n<\/tr>\n<tr>\n<td width=\"320\"><strong>CANOTE<\/strong><\/td>\n<td>CARBONO 27.2MM<\/td>\n<\/tr>\n<tr>\n<td width=\"320\"><strong>ABRA\u00c7ADEIRA DE SELIM<\/strong><\/td>\n<td>INTEGRADA<\/td>\n<\/tr>\n<tr>\n<td width=\"320\"><strong>SELIM<\/strong><\/td>\n<td>SELIM PRO FALCON<\/td>\n<\/tr>\n<tr>\n<td width=\"320\"><strong>PNEU<\/strong><\/td>\n<td>VITTORIA CORSA N.EXT 28C<\/td>\n<\/tr>\n<tr>\n<td width=\"320\"><strong>PESO<\/strong><\/td>\n<td>7.8 KG<\/td>\n<\/tr>\n<\/tbody>\n<\/table>\n","protected":false},"excerpt":{"rendered":"<p><a href=\"https:\/\/regisbike.com.br\/wp-content\/uploads\/2025\/09\/logo-overdrive-carbon-105.png\"><img decoding=\"async\" loading=\"lazy\" class=\"alignnone size-full wp-image-3299\" src=\"https:\/\/regisbike.com.br\/wp-content\/uploads\/2025\/09\/logo-overdrive-carbon-105.png\" alt=\"\" width=\"300\" height=\"48\" \/><\/a><\/p>\n<p><strong>Groove Overdrive Carbon<br \/>\n<\/strong><\/p>\n<p>Uma bicicleta de estrada endurance projetada para ciclistas que buscam conforto, precis\u00e3o e alto desempenho. Com um design aerodin\u00e2mico, essa road bike oferece m\u00e1xima efici\u00eancia e velocidade, sendo ideal para desafios intensos, percursos de longa dist\u00e2ncia e eventos como Granfondos e L\u2019\u00c9tape.<\/p>\n<p><strong>\u00a0<\/strong><\/p>\n<p>A\u00a0<strong>Groove Overdrive Carbon 105 Di2 2x12v<\/strong><\/p>\n<p>O Shimano 105 Di2 \u00e9 um grupo de componentes premium para bicicletas de estrada, herdando tecnologias e designs de competi\u00e7\u00e3o do Dura-Ace, proporcionando um equil\u00edbrio excepcional entre desempenho, confiabilidade e pre\u00e7o acess\u00edvel.<\/p>\n<p>Este \u00e9 o grupo mais popular da Shimano, trazendo a tecnologia eletr\u00f4nica sem fio Di2 para um p\u00fablico mais amplo. Com trocas de marcha r\u00e1pidas e precisas, al\u00e9m de um design ergon\u00f4mico, oferece uma experi\u00eancia de pilotagem de alto n\u00edvel com o melhor custo-benef\u00edcio.<\/p>\n<p>Ideal para ciclistas que buscam confiabilidade, efici\u00eancia e inova\u00e7\u00e3o, o 105 Di2 mant\u00e9m a tradi\u00e7\u00e3o de qualidade da Shimano. Seja para treinos, competi\u00e7\u00f5es ou longas jornadas na estrada, esse grupo proporciona uma pedalada mais fluida e confort\u00e1vel.<\/p>\n<p><strong>Shimano 105 Di2 \u2013 A tecnologia a favor da sua performance<\/strong><\/p>\n<p>&nbsp;<\/p>\n<h4><strong>Quadro da bike: garantia e detalhes<\/strong><\/h4>\n<p class=\"\" data-start=\"1479\" data-end=\"1745\">O quadro da\u00a0<strong data-start=\"1491\" data-end=\"1529\">Groove Overdrive Carbon Mitsubishi<\/strong>\u00a0\u00e9 constru\u00eddo em fibra de carbono, com caixa de dire\u00e7\u00e3o\u00a0<strong data-start=\"1585\" data-end=\"1596\">tapered<\/strong>, cabeamento interno e garfo tamb\u00e9m em carbono. O quadro possui\u00a0<strong data-start=\"1660\" data-end=\"1682\">2 anos de garantia<\/strong>, enquanto os demais componentes t\u00eam garantia de\u00a0<strong data-start=\"1731\" data-end=\"1742\">6 meses<\/strong>.<\/p>\n<p><strong>Cockpit<\/strong><\/p>\n<p class=\"\" data-start=\"1771\" data-end=\"1937\">O cockpit \u00e9\u00a0<strong data-start=\"1783\" data-end=\"1799\">100% carbono<\/strong>, incluindo guid\u00e3o, mesa e canote. O guid\u00e3o e a mesa contam com cabeamento interno, e seus tamanhos variam conforme o tamanho do quadro.<\/p>\n<p><strong>Roda<\/strong><\/p>\n<p class=\"\" data-start=\"1961\" data-end=\"2171\">A bicicleta vem equipada com\u00a0<strong data-start=\"1990\" data-end=\"2028\">rodas Shimano Carbono C46 Tubeless<\/strong>. A Shimano elevou o n\u00edvel das rodas totalmente em carbono, desenvolvendo-as com base no conceito aplicado nas linhas\u00a0<strong data-start=\"2146\" data-end=\"2168\">Dura-Ace e Ultegra<\/strong>.<\/p>\n<p class=\"\" data-start=\"2173\" data-end=\"2374\">O modelo\u00a0<strong data-start=\"2182\" data-end=\"2189\">C46<\/strong>, projetado para uso geral, compartilha o DNA das rodas\u00a0<strong data-start=\"2245\" data-end=\"2271\">C50 Dura-Ace e Ultegra<\/strong>, oferecendo um excelente equil\u00edbrio entre peso, aerodin\u00e2mica e desempenho a um pre\u00e7o mais acess\u00edvel.<\/p>\n<ul data-start=\"2376\" data-end=\"2497\">\n<li class=\"\" data-start=\"2376\" data-end=\"2414\">\n<p class=\"\" data-start=\"2378\" data-end=\"2414\"><strong data-start=\"2378\" data-end=\"2404\">Largura interna do aro<\/strong>: 21 mm.<\/p>\n<\/li>\n<\/ul>\n<h4><strong>Pneus: Os pneus Vittoria de alta qualidade de competi\u00e7\u00e3o equipa a linha Overdrive.<\/strong><\/h4>\n","protected":false},"featured_media":3309,"comment_status":"open","ping_status":"closed","template":"","meta":[],"product_cat":[58,124],"product_tag":[],"_links":{"self":[{"href":"https:\/\/regisbike.com.br\/index.php?rest_route=\/wp\/v2\/product\/3301"}],"collection":[{"href":"https:\/\/regisbike.com.br\/index.php?rest_route=\/wp\/v2\/product"}],"about":[{"href":"https:\/\/regisbike.com.br\/index.php?rest_route=\/wp\/v2\/types\/product"}],"replies":[{"embeddable":true,"href":"https:\/\/regisbike.com.br\/index.php?rest_route=%2Fwp%2Fv2%2Fcomments&post=3301"}],"wp:featuredmedia":[{"embeddable":true,"href":"https:\/\/regisbike.com.br\/index.php?rest_route=\/wp\/v2\/media\/3309"}],"wp:attachment":[{"href":"https:\/\/regisbike.com.br\/index.php?rest_route=%2Fwp%2Fv2%2Fmedia&parent=3301"}],"wp:term":[{"taxonomy":"product_cat","embeddable":true,"href":"https:\/\/regisbike.com.br\/index.php?rest_route=%2Fwp%2Fv2%2Fproduct_cat&post=3301"},{"taxonomy":"product_tag","embeddable":true,"href":"https:\/\/regisbike.com.br\/index.php?rest_route=%2Fwp%2Fv2%2Fproduct_tag&post=3301"}],"curies":[{"name":"wp","href":"https:\/\/api.w.org\/{rel}","templated":true}]}}