{"id":3376,"date":"2025-09-19T16:15:58","date_gmt":"2025-09-19T19:15:58","guid":{"rendered":"https:\/\/regisbike.com.br\/?post_type=product&#038;p=3376"},"modified":"2025-09-19T16:15:58","modified_gmt":"2025-09-19T19:15:58","slug":"bicicleta-groove-ska-30-18v","status":"publish","type":"product","link":"https:\/\/regisbike.com.br\/?product=bicicleta-groove-ska-30-18v","title":{"rendered":"BICICLETA GROOVE SKA 30 18V"},"content":{"rendered":"<table width=\"0\">\n<tbody>\n<tr>\n<td width=\"320\"><strong>TAMANHOS<\/strong><\/td>\n<td>S (15) &#8211; M (17) &#8211; L (19) &#8211; XL (20.5) \/ 29ER<\/td>\n<\/tr>\n<tr>\n<td width=\"320\"><strong>COR<\/strong><\/td>\n<td>AZUL\/PRETO<\/td>\n<\/tr>\n<tr>\n<td width=\"320\"><strong>QUADRO<\/strong><\/td>\n<td>GROOVE ALUM\u00cdNIO CABEAMENTO INTERNO GARANTIA VITAL\u00cdCIA LIMITADA<\/td>\n<\/tr>\n<tr>\n<td width=\"320\"><strong>SUSPENS\u00c3O<\/strong><\/td>\n<td>GROOVE CROWN ALLOY TAPERED C\/ TRAVA NO GUID\u00c3O<\/td>\n<\/tr>\n<tr>\n<td width=\"320\"><strong>TROCADOR<\/strong><\/td>\n<td>SHIMANO ST-EF505 2\/9V INTEGRADO<\/td>\n<\/tr>\n<tr>\n<td width=\"320\"><strong>C\u00c2MBIO TRASEIRO<\/strong><\/td>\n<td>SHIMANO ALTUS 9V RD-M2000<\/td>\n<\/tr>\n<tr>\n<td width=\"320\"><strong>C\u00c2MBIO DIANTEIRO<\/strong><\/td>\n<td>SHIMANO ALIVIO SIDE SWING 2V FD-M3120<\/td>\n<\/tr>\n<tr>\n<td width=\"320\"><strong>PEDIVELA<\/strong><\/td>\n<td>SHIMANO ALTUS 36-22T FC-M210-2 S (15) 170MM I M (17) &#8211; L (19) &#8211; XL (20.5) 175MM<\/td>\n<\/tr>\n<tr>\n<td width=\"320\"><strong>CASSETE OU RODA LIVRE<\/strong><\/td>\n<td>SHIMANO ACERA 11-36 CS-HG201-9<\/td>\n<\/tr>\n<tr>\n<td width=\"320\"><strong>CORRENTE<\/strong><\/td>\n<td>SHIMANO CN-HG53<\/td>\n<\/tr>\n<tr>\n<td width=\"320\"><strong>ALAVANCA DE FREIO<\/strong><\/td>\n<td>SHIMANO HIDR\u00c1ULICO ST-EF505 INTEGRADO<\/td>\n<\/tr>\n<tr>\n<td width=\"320\"><strong>FREIO<\/strong><\/td>\n<td>SHIMANO HIDR\u00c1ULICO BR-MT200 ROTOR SHIMANO RT10 160MM CENTER LOCK<\/td>\n<\/tr>\n<tr>\n<td width=\"320\"><strong>MOVIMENTO CENTRAL<\/strong><\/td>\n<td>SHIMANO INTEGRADO (2 PIECES CRANK)<\/td>\n<\/tr>\n<tr>\n<td width=\"320\"><strong>CUBOS<\/strong><\/td>\n<td>SHIMANO TX505<\/td>\n<\/tr>\n<tr>\n<td width=\"320\"><strong>RAIOS<\/strong><\/td>\n<td>INOX PRETO<\/td>\n<\/tr>\n<tr>\n<td width=\"320\"><strong>AROS<\/strong><\/td>\n<td>GROOVE TECHNIC ALUM\u00cdNIO PAREDE DUPLA A\u00c9REO 32F<\/td>\n<\/tr>\n<tr>\n<td width=\"320\"><strong>GUID\u00c3O<\/strong><\/td>\n<td>GROOVE TECHNIC X-LITE 740X31.8MM BACKSWEEP 9\u00ba<\/td>\n<\/tr>\n<tr>\n<td width=\"320\"><strong>MESA<\/strong><\/td>\n<td>GROOVE TECHNIC X-LITE (S-M) 80MM (L-XL) 90MM<\/td>\n<\/tr>\n<tr>\n<td width=\"320\"><strong>CANOTE<\/strong><\/td>\n<td>GROOVE ALUM\u00cdNIO 27.2MM<\/td>\n<\/tr>\n<tr>\n<td width=\"320\"><strong>ABRA\u00c7ADEIRA DE SELIM<\/strong><\/td>\n<td>GROOVE ALUM\u00cdNIO 31.8MM<\/td>\n<\/tr>\n<tr>\n<td width=\"320\"><strong>SELIM<\/strong><\/td>\n<td>GROOVE TECHNIC MTB<\/td>\n<\/tr>\n<tr>\n<td width=\"320\"><strong>PNEU<\/strong><\/td>\n<td>CHAOYANG ZIPPERING MTB 29X 2.20<\/td>\n<\/tr>\n<tr>\n<td width=\"320\"><strong>PESO<\/strong><\/td>\n<td>14KG<\/td>\n<\/tr>\n<tr>\n<td width=\"320\"><strong>GARANTIA QUADRO<\/strong><\/td>\n<td>VITAL\u00cdCIA LIMITADA &#8211; LER MANUAL E REGISTRAR<\/td>\n<\/tr>\n<tr>\n<td width=\"320\"><strong>GARANTIA COMPONENTES<\/strong><\/td>\n<td>06 MESES<\/td>\n<\/tr>\n<tr>\n<td width=\"320\"><strong>MANUAL<\/strong><\/td>\n<td><a href=\"https:\/\/groovebikes.com.br\/wp-content\/uploads\/2019\/07\/MANUAL-DO-USUARIO-GROOVE-2022.pdf\">DOWNLOAD<\/a><\/td>\n<\/tr>\n<\/tbody>\n<\/table>\n","protected":false},"excerpt":{"rendered":"<p><a href=\"https:\/\/regisbike.com.br\/wp-content\/uploads\/2025\/09\/SKA-30-.png\"><img decoding=\"async\" loading=\"lazy\" class=\"alignnone size-full wp-image-3382\" src=\"https:\/\/regisbike.com.br\/wp-content\/uploads\/2025\/09\/SKA-30-.png\" alt=\"\" width=\"211\" height=\"30\" \/><\/a><\/p>\n<p>Quer sair do b\u00e1sico nos pedais quando vai para trilha? Para voc\u00ea que quer\u00a0<strong>subir de n\u00edvel<\/strong>\u00a0e dar a pr\u00f3xima pedalada no MTB, a\u00a0<strong>Groove SKA 30<\/strong>\u00a0foi pensada para voc\u00ea.<\/p>\n<p>A bicicleta Groove SKA 30 \u00e9 equipada com os\u00a0<strong>melhores componentes<\/strong>\u00a0do mercado. A\u00a0<strong>Shimano<\/strong>, uma marca mundial em componentes para bicicletas, faz da SKA 30 uma bike completa com o\u00a0<strong>Selo Ouro de Qualidade e Confian\u00e7a<\/strong>.<\/p>\n<p>&nbsp;<\/p>\n<h4><strong>Componentes Shimano<\/strong><\/h4>\n<p>C\u00e2mbio traseiro\u00a0<strong>Shimano Altus<\/strong>\u00a0de 9 velocidades e c\u00e2mbio dianteiro\u00a0<strong>Shimano Alivio<\/strong>\u00a0Side Swing de 2 velocidades deixa a bicicleta Groove SKA 30 com\u00a0<strong>18 marchas<\/strong>\u00a0para voc\u00ea desfrutar do seu mountain bike com muito conforto e modernidade, pensando em se adaptar para futuramente fazer um upgrade para 12 velocidades.<\/p>\n<p>Os\u00a0<strong>freios a disco Shimano hidr\u00e1ulico<\/strong>\u00a0proporcionam uma frenagem mais segura e confiante. Os cubos e cassete tamb\u00e9m da Shimano completam o kit de transmiss\u00e3o da Groove SKA 30.<\/p>\n<p>&nbsp;<\/p>\n<h4><strong>Cockpit<\/strong><\/h4>\n<p>A bicicleta Groove SKA 30 vem equipada com o novo\u00a0<strong>cockpit Groove Technic<\/strong>, guid\u00e3o de\u00a0<strong>740\u00d731.8mm<\/strong>\u00a0e Backsweep\u00a0<strong>9\u00ba<\/strong>\u00a0que oferecem mais conforto durante sua pedalada. A\u00a0<strong>suspens\u00e3o<\/strong>\u00a0Groove com\u00a0<strong>trava no guid\u00e3o<\/strong>\u00a0proporciona praticidade em suas trilhas.<\/p>\n<p>O pedivela e a mesa da bicicleta s\u00e3o de acordo com o tamanho do quadro, para melhor adapta\u00e7\u00e3o do ciclista sob a bike.<\/p>\n<p>&nbsp;<\/p>\n<h4><strong>Quadro da bike: garantia e detalhes<\/strong><\/h4>\n<p>O quadro da bike Groove SKA 30 \u00e9 produzido em alum\u00ednio, com cabeamento interno e possui\u00a0<strong>Garantia Vital\u00edcia Limitada<\/strong>\u00a0ao primeiro propriet\u00e1rio da bicicleta.\u00a0<a href=\"https:\/\/groovebikes.com.br\/termos-de-garantia\/\" target=\"_blank\" rel=\"noopener\">Clique aqui para saber mais sobre a Garantia Vital\u00edcia Limitada<\/a>\u00a0do quadro e sobre como validar. Os demais componentes possuem 6 meses de garantia.<\/p>\n<p>O\u00a0<strong>cabeamento interno<\/strong>\u00a0do quadro deixa a sua bike com muito mais estilo e conforto, por n\u00e3o ter os cabos \u00e0 mostra e possivelmente atrapalhando durante os seus passeios com a turma do pedal.<\/p>\n<p>&nbsp;<\/p>\n<h4><strong>Disponibilidade da Groove SKA 30 18 marchas<\/strong><\/h4>\n<p>A SKA 30 \u00e9 comercializada em 4 tamanhos:\u00a0<strong>S (15) \u2013 M (17) \u2013 L (19) \u2013 XL (20.5)<\/strong>\u00a0com pneus Chaoyang Zippering MTB aro 29 x 2.20 e pesa aproximadamente 14kg.<\/p>\n<p>\u00c9 uma bicicleta para voc\u00ea ir al\u00e9m em suas trilhas e nas suas pr\u00f3ximas pedaladas com seus amigos.<\/p>\n","protected":false},"featured_media":3377,"comment_status":"open","ping_status":"closed","template":"","meta":[],"product_cat":[58,61],"product_tag":[],"_links":{"self":[{"href":"https:\/\/regisbike.com.br\/index.php?rest_route=\/wp\/v2\/product\/3376"}],"collection":[{"href":"https:\/\/regisbike.com.br\/index.php?rest_route=\/wp\/v2\/product"}],"about":[{"href":"https:\/\/regisbike.com.br\/index.php?rest_route=\/wp\/v2\/types\/product"}],"replies":[{"embeddable":true,"href":"https:\/\/regisbike.com.br\/index.php?rest_route=%2Fwp%2Fv2%2Fcomments&post=3376"}],"wp:featuredmedia":[{"embeddable":true,"href":"https:\/\/regisbike.com.br\/index.php?rest_route=\/wp\/v2\/media\/3377"}],"wp:attachment":[{"href":"https:\/\/regisbike.com.br\/index.php?rest_route=%2Fwp%2Fv2%2Fmedia&parent=3376"}],"wp:term":[{"taxonomy":"product_cat","embeddable":true,"href":"https:\/\/regisbike.com.br\/index.php?rest_route=%2Fwp%2Fv2%2Fproduct_cat&post=3376"},{"taxonomy":"product_tag","embeddable":true,"href":"https:\/\/regisbike.com.br\/index.php?rest_route=%2Fwp%2Fv2%2Fproduct_tag&post=3376"}],"curies":[{"name":"wp","href":"https:\/\/api.w.org\/{rel}","templated":true}]}}