{"id":3384,"date":"2025-09-19T16:21:17","date_gmt":"2025-09-19T19:21:17","guid":{"rendered":"https:\/\/regisbike.com.br\/?post_type=product&#038;p=3384"},"modified":"2026-03-25T09:16:08","modified_gmt":"2026-03-25T12:16:08","slug":"bicicleta-groove-ska-70-12v","status":"publish","type":"product","link":"https:\/\/regisbike.com.br\/?product=bicicleta-groove-ska-70-12v","title":{"rendered":"BICICLETA GROOVE SKA 70 12V"},"content":{"rendered":"<table width=\"0\">\n<tbody>\n<tr>\n<td width=\"320\"><strong>TAMANHOS<\/strong><\/td>\n<td>S (15) &#8211; M (17) &#8211; L (19) &#8211; XL (20.5) \/ 29ER<\/td>\n<\/tr>\n<tr>\n<td width=\"320\"><strong>COR<\/strong><\/td>\n<td>VERDE CLARO\/GRAFITE<\/td>\n<\/tr>\n<tr>\n<td width=\"320\"><strong>QUADRO<\/strong><\/td>\n<td>GROOVE ALUM\u00cdNIO CABEAMENTO INTERNO TAPERED GARANTIA VITAL\u00cdCIA LIMITADA<\/td>\n<\/tr>\n<tr>\n<td width=\"320\"><strong>SUSPENS\u00c3O<\/strong><\/td>\n<td>GROOVE AIR TAPERED COM TRAVA NO GUID\u00c3O 100MM<\/td>\n<\/tr>\n<tr>\n<td width=\"320\"><strong>TROCADOR<\/strong><\/td>\n<td>SRAM TRIGGER SX EAGLE 12V<\/td>\n<\/tr>\n<tr>\n<td width=\"320\"><strong>C\u00c2MBIO TRASEIRO<\/strong><\/td>\n<td>SRAM SX EAGLE 12V<\/td>\n<\/tr>\n<tr>\n<td width=\"320\"><strong>C\u00c2MBIO DIANTEIRO<\/strong><\/td>\n<td>&#8211;<\/td>\n<\/tr>\n<tr>\n<td width=\"320\"><strong>PEDIVELA<\/strong><\/td>\n<td>SRAM SX EAGLE 32D S (15) 170MM I M (17) &#8211; L (19) &#8211; XL (20.5) 175MM<\/td>\n<\/tr>\n<tr>\n<td width=\"320\"><strong>CASSETE OU RODA LIVRE<\/strong><\/td>\n<td>SRAM EAGLE PG 1210 12V 11-50D<\/td>\n<\/tr>\n<tr>\n<td width=\"320\"><strong>CORRENTE<\/strong><\/td>\n<td>SRAM SX EAGLE<\/td>\n<\/tr>\n<tr>\n<td width=\"320\"><strong>ALAVANCA DE FREIO<\/strong><\/td>\n<td>BL-M220<\/td>\n<\/tr>\n<tr>\n<td width=\"320\"><strong>FREIO<\/strong><\/td>\n<td>DISCO HIDR\u00c1ULICO M220<\/td>\n<\/tr>\n<tr>\n<td width=\"320\"><strong>MOVIMENTO CENTRAL<\/strong><\/td>\n<td>SRAM BB POWER SPLINE<\/td>\n<\/tr>\n<tr>\n<td width=\"320\"><strong>CUBOS<\/strong><\/td>\n<td>SHIMANO TX-505<\/td>\n<\/tr>\n<tr>\n<td width=\"320\"><strong>RAIOS<\/strong><\/td>\n<td>INOX PRETO<\/td>\n<\/tr>\n<tr>\n<td width=\"320\"><strong>AROS<\/strong><\/td>\n<td>GROOVE TECHNIC ALUM\u00cdNIO PAREDE DUPLA 32F<\/td>\n<\/tr>\n<tr>\n<td width=\"320\"><strong>GUID\u00c3O<\/strong><\/td>\n<td>GROOVE TECHNIC X-LITE 740X31.8MM BACKSWEEP 9\u00b0<\/td>\n<\/tr>\n<tr>\n<td width=\"320\"><strong>MESA<\/strong><\/td>\n<td>GROOVE TECHNIC X-LITE (S-M) 80MM (L-XL) 90MM<\/td>\n<\/tr>\n<tr>\n<td width=\"320\"><strong>CANOTE<\/strong><\/td>\n<td>GROOVE ALUM\u00cdNIO 27.2MM<\/td>\n<\/tr>\n<tr>\n<td width=\"320\"><strong>ABRA\u00c7ADEIRA DE SELIM<\/strong><\/td>\n<td>GROOVE ALUM\u00cdNIO 31.8MM<\/td>\n<\/tr>\n<tr>\n<td width=\"320\"><strong>SELIM<\/strong><\/td>\n<td>GROOVE TECHNIC MTB<\/td>\n<\/tr>\n<tr>\n<td width=\"320\"><strong>PNEU<\/strong><\/td>\n<td>CHAOYANG ZIPPERING MTB 29X2.20<\/td>\n<\/tr>\n<tr>\n<td width=\"320\"><strong>PESO<\/strong><\/td>\n<td>13.2KG<\/td>\n<\/tr>\n<tr>\n<td width=\"320\"><strong>GARANTIA QUADRO<\/strong><\/td>\n<td>VITAL\u00cdCIA LIMITADA &#8211; LER MANUAL E REGISTRAR<\/td>\n<\/tr>\n<tr>\n<td width=\"320\"><strong>GARANTIA COMPONENTES<\/strong><\/td>\n<td>06 MESES<\/td>\n<\/tr>\n<tr>\n<td width=\"320\"><strong>MANUAL<\/strong><\/td>\n<td><a href=\"https:\/\/groovebikes.com.br\/wp-content\/uploads\/2019\/07\/MANUAL-DO-USUARIO-GROOVE-2022.pdf\">DOWNLOAD<\/a><\/td>\n<\/tr>\n<\/tbody>\n<\/table>\n","protected":false},"excerpt":{"rendered":"<p><a href=\"https:\/\/regisbike.com.br\/wp-content\/uploads\/2025\/09\/SKA-70.jpg\"><img decoding=\"async\" loading=\"lazy\" class=\"alignnone size-full wp-image-3395\" src=\"https:\/\/regisbike.com.br\/wp-content\/uploads\/2025\/09\/SKA-70.jpg\" alt=\"\" width=\"133\" height=\"19\" \/><\/a><\/p>\n<p>Voc\u00ea est\u00e1 querendo\u00a0<strong>subir de n\u00edvel<\/strong>\u00a0nos seus pedais e acompanhar os amigos nas melhores trilhas e passeios da sua cidade? Ou at\u00e9 mesmo come\u00e7ar a\u00a0<strong>competir as provas<\/strong>\u00a0da sua regi\u00e3o?<\/p>\n<p>A bicicleta mountain bike\u00a0<strong>Groove SKA 70<\/strong>\u00a0de 12 velocidades \u00e9 ideal para voc\u00ea encarar qualquer desafio e superar seus limites.<\/p>\n<p>A Groove SKA 70 \u00e9 equipada com os melhores componentes do mercado, com marcas de renome mundial como a\u00a0<strong>Sram<\/strong>\u00a0e a\u00a0<strong>Chaoyang<\/strong>.<\/p>\n<p>&nbsp;<\/p>\n<h4><strong>Componentes<\/strong><\/h4>\n<p>Transmiss\u00e3o\u00a0<strong>100% Sram<\/strong>\u00a0com c\u00e2mbio traseiro\u00a0<strong>SX Eagle<\/strong>\u00a0de\u00a0<strong>12 velocidades<\/strong>, cassete e corrente da mesma linha, e pedivela SX Eagle de 32 dentes com bra\u00e7o de acordo com o tamanho do quadro, para melhor adapta\u00e7\u00e3o do atleta sob a bike.<\/p>\n<p>Os\u00a0<strong>freios a disco hidr\u00e1ulico<\/strong>\u00a0proporcionam uma frenagem mais segura e confiante durante seus treinos e competi\u00e7\u00f5es.<\/p>\n<p>A bicicleta\u00a0<strong>Groove SKA 70<\/strong>\u00a0vem equipada com o novo cockpit\u00a0<strong>Groove Technic<\/strong>, guid\u00e3o de 740\u00d731.8mm e Backsweep de 9\u00ba que oferecem mais conforto durante sua pedalada. A\u00a0<strong>suspens\u00e3o<\/strong>\u00a0Groove crown Alloy\u00a0<strong>Tapered AIR<\/strong>\u00a0com trava no guid\u00e3o proporciona mais suavidade, leveza e praticidade para voc\u00ea.<\/p>\n<p>&nbsp;<\/p>\n<h4><strong>Quadro da bike: garantia e detalhes<\/strong><\/h4>\n<p>O quadro da bike\u00a0<strong>Groove SKA 70<\/strong>\u00a0\u00e9 produzido em alum\u00ednio, com cabeamento interno, caixa de dire\u00e7\u00e3o\u00a0<strong>Tapered<\/strong>\u00a0e possui\u00a0<strong>Garantia Vital\u00edcia Limitada<\/strong>\u00a0ao primeiro propriet\u00e1rio da bicicleta.\u00a0<a href=\"https:\/\/groovebikes.com.br\/termos-de-garantia\/\" target=\"_blank\" rel=\"noopener\">Clique aqui para saber mais sobre a Garantia Vital\u00edcia Limitada<\/a>\u00a0do quadro e sobre como validar. Os demais componentes possuem 6 meses de garantia.<\/p>\n<p>O\u00a0<strong>cabeamento interno<\/strong>\u00a0do quadro deixa a sua bike com muito mais estilo e conforto, por n\u00e3o ter os cabos \u00e0 mostra e possivelmente atrapalhando durante os seus passeios com a turma do pedal, treinos, ou at\u00e9 mesmo em suas competi\u00e7\u00f5es.<\/p>\n<p>&nbsp;<\/p>\n<h4><strong>Disponibilidade da Groove SKA 70 12 velocidades<\/strong><\/h4>\n<p>A\u00a0<strong>SKA 70<\/strong>\u00a0\u00e9 comercializada em 4 tamanhos: S (15) \u2013 M (17) \u2013 L (19) \u2013 XL (20.5) com pneus Chaoyang Zippering MTB aro 29 x 2.20 e pesa aproximadamente\u00a0<strong>13.2kg<\/strong>.<\/p>\n<p>\u00c9 uma bicicleta para voc\u00ea ir al\u00e9m em suas trilhas e come\u00e7ar a pensar quais provas da sua regi\u00e3o voc\u00ea vai competir!<\/p>\n","protected":false},"featured_media":3385,"comment_status":"open","ping_status":"closed","template":"","meta":[],"product_cat":[58,61],"product_tag":[],"_links":{"self":[{"href":"https:\/\/regisbike.com.br\/index.php?rest_route=\/wp\/v2\/product\/3384"}],"collection":[{"href":"https:\/\/regisbike.com.br\/index.php?rest_route=\/wp\/v2\/product"}],"about":[{"href":"https:\/\/regisbike.com.br\/index.php?rest_route=\/wp\/v2\/types\/product"}],"replies":[{"embeddable":true,"href":"https:\/\/regisbike.com.br\/index.php?rest_route=%2Fwp%2Fv2%2Fcomments&post=3384"}],"wp:featuredmedia":[{"embeddable":true,"href":"https:\/\/regisbike.com.br\/index.php?rest_route=\/wp\/v2\/media\/3385"}],"wp:attachment":[{"href":"https:\/\/regisbike.com.br\/index.php?rest_route=%2Fwp%2Fv2%2Fmedia&parent=3384"}],"wp:term":[{"taxonomy":"product_cat","embeddable":true,"href":"https:\/\/regisbike.com.br\/index.php?rest_route=%2Fwp%2Fv2%2Fproduct_cat&post=3384"},{"taxonomy":"product_tag","embeddable":true,"href":"https:\/\/regisbike.com.br\/index.php?rest_route=%2Fwp%2Fv2%2Fproduct_tag&post=3384"}],"curies":[{"name":"wp","href":"https:\/\/api.w.org\/{rel}","templated":true}]}}