{"id":3401,"date":"2025-09-19T16:27:20","date_gmt":"2025-09-19T19:27:20","guid":{"rendered":"https:\/\/regisbike.com.br\/?post_type=product&#038;p=3401"},"modified":"2026-04-05T09:44:36","modified_gmt":"2026-04-05T12:44:36","slug":"bicicleta-groove-ska-90-1","status":"publish","type":"product","link":"https:\/\/regisbike.com.br\/?product=bicicleta-groove-ska-90-1","title":{"rendered":"BICICLETA GROOVE SKA 90.1"},"content":{"rendered":"<table width=\"0\">\n<tbody>\n<tr>\n<td width=\"320\"><strong>TAMANHOS<\/strong><\/td>\n<td>S (15) &#8211; M (17) &#8211; L (19) &#8211; XL (20.5) \/ 29ER<\/td>\n<\/tr>\n<tr>\n<td width=\"320\"><strong>COR<\/strong><\/td>\n<td>COBRE\/PRETO &#8211; VERMELHO\/GRAFITE<\/td>\n<\/tr>\n<tr>\n<td width=\"320\"><strong>QUADRO<\/strong><\/td>\n<td>GROOVE ALUM\u00cdNIO CABEAMENTO INTERNO TAPERED GARANTIA VITAL\u00cdCIA LTDA<\/td>\n<\/tr>\n<tr>\n<td width=\"320\"><strong>SUSPENS\u00c3O<\/strong><\/td>\n<td>ROCKSHOX JUDY SILVER SOLO AIR TAPERED 100MM<\/td>\n<\/tr>\n<tr>\n<td width=\"320\"><strong>TROCADOR<\/strong><\/td>\n<td>SRAM SX EAGLE 12V<\/td>\n<\/tr>\n<tr>\n<td width=\"320\"><strong>C\u00c2MBIO TRASEIRO<\/strong><\/td>\n<td>SRAM SX EAGLE 12V<\/td>\n<\/tr>\n<tr>\n<td width=\"320\"><strong>C\u00c2MBIO DIANTEIRO<\/strong><\/td>\n<td>&#8211;<\/td>\n<\/tr>\n<tr>\n<td width=\"320\"><strong>PEDIVELA<\/strong><\/td>\n<td>SRAM SX EAGLE DUB 32D S (15) 170MM I M (17) L (19) XL (20.5) 175MM<\/td>\n<\/tr>\n<tr>\n<td width=\"320\"><strong>CASSETE OU RODA LIVRE<\/strong><\/td>\n<td>SRAM EAGLE 12V 11-50D<\/td>\n<\/tr>\n<tr>\n<td width=\"320\"><strong>CORRENTE<\/strong><\/td>\n<td>SRAM SX EAGLE<\/td>\n<\/tr>\n<tr>\n<td width=\"320\"><strong>ALAVANCA DE FREIO<\/strong><\/td>\n<td>SHIMANO HIDR\u00c1ULICO BL-MT200<\/td>\n<\/tr>\n<tr>\n<td width=\"320\"><strong>FREIO<\/strong><\/td>\n<td>SHIMANO HIDR\u00c1ULICO BR-MT200 ROTOR SHIMANO RT10 160MM CENTER LOCK<\/td>\n<\/tr>\n<tr>\n<td width=\"320\"><strong>MOVIMENTO CENTRAL<\/strong><\/td>\n<td>SRAM BB DUB BSA<\/td>\n<\/tr>\n<tr>\n<td width=\"320\"><strong>CUBOS<\/strong><\/td>\n<td>DIANTEIRO: SHIMANO HB-TX505 &#8211; TRASEIRO: SHIMANO FH-TX505<\/td>\n<\/tr>\n<tr>\n<td width=\"320\"><strong>RAIOS<\/strong><\/td>\n<td>INOX PRETO<\/td>\n<\/tr>\n<tr>\n<td width=\"320\"><strong>AROS<\/strong><\/td>\n<td>GROOVE TEC ALUM\u00cdNIO, TUBELESS READY, PAREDE DUPLA 32F<\/td>\n<\/tr>\n<tr>\n<td width=\"320\"><strong>GUID\u00c3O<\/strong><\/td>\n<td>GROOVE TEC X-LITE 740X31.8MM BACKSWEEP 9\u00b0<\/td>\n<\/tr>\n<tr>\n<td width=\"320\"><strong>MESA<\/strong><\/td>\n<td>GROOVE TEC X-LITE (S-M) 80MM (L-XL) 90MM<\/td>\n<\/tr>\n<tr>\n<td width=\"320\"><strong>CANOTE<\/strong><\/td>\n<td>GROOVE ALUM\u00cdNIO 27.2MM<\/td>\n<\/tr>\n<tr>\n<td width=\"320\"><strong>ABRA\u00c7ADEIRA DE SELIM<\/strong><\/td>\n<td>GROOVE ALUM\u00cdNIO 31.8MM<\/td>\n<\/tr>\n<tr>\n<td width=\"320\"><strong>SELIM<\/strong><\/td>\n<td>GROOVE TECHNIC MTB<\/td>\n<\/tr>\n<tr>\n<td width=\"320\"><strong>PNEU<\/strong><\/td>\n<td>VITTORIA BARZO ARAME 29X2.25<\/td>\n<\/tr>\n<tr>\n<td width=\"320\"><strong>PESO<\/strong><\/td>\n<td>&#8211;<\/td>\n<\/tr>\n<tr>\n<td width=\"320\"><strong>GARANTIA QUADRO<\/strong><\/td>\n<td>06 MESES GARANTIA LEGAL &#8211; GANHE GARANTIA VITAL\u00cdCIA LIMITADA GROOVE &#8211; LER MANUAL E REGISTRAR<\/td>\n<\/tr>\n<tr>\n<td width=\"320\"><strong>GARANTIA COMPONENTES<\/strong><\/td>\n<td>06 MESES<\/td>\n<\/tr>\n<\/tbody>\n<\/table>\n","protected":false},"excerpt":{"rendered":"<p><a href=\"https:\/\/regisbike.com.br\/wp-content\/uploads\/2025\/09\/SKA-90-1.jpg\"><img decoding=\"async\" loading=\"lazy\" class=\"alignnone size-full wp-image-3404\" src=\"https:\/\/regisbike.com.br\/wp-content\/uploads\/2025\/09\/SKA-90-1.jpg\" alt=\"\" width=\"149\" height=\"19\" \/><\/a><\/p>\n<p>Voc\u00ea est\u00e1 querendo\u00a0<strong>subir de n\u00edvel<\/strong>\u00a0nos seus pedais e acompanhar os amigos nas melhores trilhas e passeios da sua cidade? Ou at\u00e9 mesmo come\u00e7ar a\u00a0<strong>competir as provas<\/strong>\u00a0da sua regi\u00e3o?<\/p>\n<p>A bicicleta mountain bike\u00a0<strong>Groove SKA 90.1<\/strong>\u00a0de 12 velocidades \u00e9 ideal para voc\u00ea encarar qualquer desafio e superar seus limites.<\/p>\n<p>A Groove SKA 90.1 \u00e9 equipada com os melhores componentes do mercado, com marcas de renome mundial como a\u00a0<strong>Sram<\/strong>,\u00a0<strong>Vittoria<\/strong>\u00a0e\u00a0<strong>Rock Shox<\/strong>.<\/p>\n<p>&nbsp;<\/p>\n<h4><strong>Componentes<\/strong><\/h4>\n<p>Transmiss\u00e3o\u00a0<strong>100% Sram<\/strong>\u00a0com c\u00e2mbio traseiro\u00a0<strong>SX Eagle<\/strong>\u00a0de\u00a0<strong>12 velocidades<\/strong>, cassete e corrente da mesma linha, e\u00a0<strong>pedivela<\/strong>\u00a0SX Eagle\u00a0<strong>DUB<\/strong>\u00a0com 32 dentes e bra\u00e7o de acordo com o tamanho do quadro, para melhor adapta\u00e7\u00e3o do atleta sob a bike.<\/p>\n<p>Os\u00a0<strong>freios Shimano a disco hidr\u00e1ulico<\/strong>\u00a0proporcionam uma frenagem mais segura e confiante durante seus treinos e competi\u00e7\u00f5es.<\/p>\n<p>A bicicleta\u00a0<strong>Groove SKA 90.1<\/strong>\u00a0vem equipada com o novo cockpit\u00a0<strong>Groove Technic<\/strong>, guid\u00e3o de 740\u00d731.8mm e Backsweep de 9\u00ba que oferecem mais conforto durante sua pedalada. A suspens\u00e3o\u00a0<strong>Rockshox Judy<\/strong>\u00a0Silver Solo Air Tapered 100mm com trava no guid\u00e3o proporciona\u00a0<strong>mais suavidade, leveza<\/strong>\u00a0e\u00a0<strong>praticidade<\/strong>\u00a0para voc\u00ea.<\/p>\n<p>A\u00a0<strong>SKA 90.1<\/strong>\u00a0\u00e9 comercializada em 4 tamanhos: S (15) \u2013 M (17) \u2013 L (19) \u2013 XL (20.5) com pneus Vittoria Barzo MTB 29 x 2.20 com aro de aluminio tubeless ready e pesa aproximadamente\u00a0<strong>13.4kg<\/strong>.<\/p>\n<p>\u00c9 uma bicicleta para voc\u00ea ir al\u00e9m em suas trilhas e come\u00e7ar a pensar quais provas da sua regi\u00e3o voc\u00ea vai competir!<\/p>\n","protected":false},"featured_media":3403,"comment_status":"open","ping_status":"closed","template":"","meta":[],"product_cat":[58,61],"product_tag":[],"_links":{"self":[{"href":"https:\/\/regisbike.com.br\/index.php?rest_route=\/wp\/v2\/product\/3401"}],"collection":[{"href":"https:\/\/regisbike.com.br\/index.php?rest_route=\/wp\/v2\/product"}],"about":[{"href":"https:\/\/regisbike.com.br\/index.php?rest_route=\/wp\/v2\/types\/product"}],"replies":[{"embeddable":true,"href":"https:\/\/regisbike.com.br\/index.php?rest_route=%2Fwp%2Fv2%2Fcomments&post=3401"}],"wp:featuredmedia":[{"embeddable":true,"href":"https:\/\/regisbike.com.br\/index.php?rest_route=\/wp\/v2\/media\/3403"}],"wp:attachment":[{"href":"https:\/\/regisbike.com.br\/index.php?rest_route=%2Fwp%2Fv2%2Fmedia&parent=3401"}],"wp:term":[{"taxonomy":"product_cat","embeddable":true,"href":"https:\/\/regisbike.com.br\/index.php?rest_route=%2Fwp%2Fv2%2Fproduct_cat&post=3401"},{"taxonomy":"product_tag","embeddable":true,"href":"https:\/\/regisbike.com.br\/index.php?rest_route=%2Fwp%2Fv2%2Fproduct_tag&post=3401"}],"curies":[{"name":"wp","href":"https:\/\/api.w.org\/{rel}","templated":true}]}}