{"id":3405,"date":"2025-09-19T16:31:28","date_gmt":"2025-09-19T19:31:28","guid":{"rendered":"https:\/\/regisbike.com.br\/?post_type=product&#038;p=3405"},"modified":"2026-04-05T09:43:52","modified_gmt":"2026-04-05T12:43:52","slug":"bicicleta-groove-riff-12v","status":"publish","type":"product","link":"https:\/\/regisbike.com.br\/?product=bicicleta-groove-riff-12v","title":{"rendered":"BICICLETA GROOVE RIFF 12V"},"content":{"rendered":"<table width=\"0\">\n<tbody>\n<tr>\n<td width=\"320\"><strong>TAMANHOS<\/strong><\/td>\n<td>S (15) &#8211; M (17) &#8211; L (19) &#8211; XL (20.5) \/ 29ER<\/td>\n<\/tr>\n<tr>\n<td width=\"320\"><strong>COR<\/strong><\/td>\n<td>BORD\u00d4, PRATA, DOURADO, PRETO, VERDE E AZUL ESCURO<\/td>\n<\/tr>\n<tr>\n<td width=\"320\"><strong>QUADRO<\/strong><\/td>\n<td>GROOVE X-LITE BOOST 148MM CABEAMENTO INTERNO TAPERED GARANTIA VITAL\u00cdCIA LIMITADA<\/td>\n<\/tr>\n<tr>\n<td width=\"320\"><strong>SUSPENS\u00c3O<\/strong><\/td>\n<td>ROCKSHOX JUDY SILVER SOLO AIR BOOST 15X110MM TAPERED 100MM<\/td>\n<\/tr>\n<tr>\n<td width=\"320\"><strong>TROCADOR<\/strong><\/td>\n<td>SHIMANO DEORE 12V SL-M6100-R<\/td>\n<\/tr>\n<tr>\n<td width=\"320\"><strong>C\u00c2MBIO TRASEIRO<\/strong><\/td>\n<td>SHIMANO DEORE 12V SGS RD-M6100<\/td>\n<\/tr>\n<tr>\n<td width=\"320\"><strong>C\u00c2MBIO DIANTEIRO<\/strong><\/td>\n<td>&#8211;<\/td>\n<\/tr>\n<tr>\n<td width=\"320\"><strong>PEDIVELA<\/strong><\/td>\n<td>SHIMANO 32D FC-MT511-1 S (15) 170MM I M (17) &#8211; L (19) &#8211; XL (20.5) 175MM<\/td>\n<\/tr>\n<tr>\n<td width=\"320\"><strong>CASSETE OU RODA LIVRE<\/strong><\/td>\n<td>SHIMANO DEORE 12V 10-51D CS-M6100<\/td>\n<\/tr>\n<tr>\n<td width=\"320\"><strong>CORRENTE<\/strong><\/td>\n<td>SHIMANO DEORE CN-M6100<\/td>\n<\/tr>\n<tr>\n<td width=\"320\"><strong>ALAVANCA DE FREIO<\/strong><\/td>\n<td>SHIMANO BL-MT401 HIDR\u00c1ULICO<\/td>\n<\/tr>\n<tr>\n<td width=\"320\"><strong>FREIO<\/strong><\/td>\n<td>SHIMANO BR-MT410 HIDR\u00c1ULICO ROTOR SHIMANO RT54 160MM<\/td>\n<\/tr>\n<tr>\n<td width=\"320\"><strong>MOVIMENTO CENTRAL<\/strong><\/td>\n<td>SHIMANO INTEGRADO BB MT800 ( 2 PIECES CRANK)<\/td>\n<\/tr>\n<tr>\n<td width=\"320\"><strong>CUBOS<\/strong><\/td>\n<td>SHIMANO MT400 BOOST 15X110MM\/ MT 410 BOOST 12X148MM<\/td>\n<\/tr>\n<tr>\n<td width=\"320\"><strong>RAIOS<\/strong><\/td>\n<td>INOX PRETO<\/td>\n<\/tr>\n<tr>\n<td width=\"320\"><strong>AROS<\/strong><\/td>\n<td>GROOVE TECHNIC 29 DISC TUBLESS READY 32F<\/td>\n<\/tr>\n<tr>\n<td width=\"320\"><strong>GUID\u00c3O<\/strong><\/td>\n<td>GROOVE TECHNIC X-LITE 740X31.8MM BACKSWEEP 9\u00ba<\/td>\n<\/tr>\n<tr>\n<td width=\"320\"><strong>MESA<\/strong><\/td>\n<td>GROOVE TECHNIC X-LITE (S-M) 80MM (L-XL) 90MM<\/td>\n<\/tr>\n<tr>\n<td width=\"320\"><strong>CANOTE<\/strong><\/td>\n<td>GROOVE ALUM\u00cdNIO 27.2MM<\/td>\n<\/tr>\n<tr>\n<td width=\"320\"><strong>ABRA\u00c7ADEIRA DE SELIM<\/strong><\/td>\n<td>GROOVE ALUM\u00cdNIO 31.8MM<\/td>\n<\/tr>\n<tr>\n<td width=\"320\"><strong>SELIM<\/strong><\/td>\n<td>GROOVE MTB<\/td>\n<\/tr>\n<tr>\n<td width=\"320\"><strong>PNEU<\/strong><\/td>\n<td>VITTORIA XCR 29X2.25 &#8211; DT: BARZO \/ TR: MEZCAL 29X2.25<\/td>\n<\/tr>\n<tr>\n<td width=\"320\"><strong>PESO<\/strong><\/td>\n<td>12.9KG APROXIMADO<\/td>\n<\/tr>\n<tr>\n<td width=\"320\"><strong>GARANTIA QUADRO<\/strong><\/td>\n<td>06 MESES GARANTIA LEGAL &#8211; GANHE GARANTIA VITAL\u00cdCIA LIMITADA GROOVE &#8211; LER MANUAL E REGISTRAR<\/td>\n<\/tr>\n<tr>\n<td width=\"320\"><strong>GARANTIA COMPONENTES<\/strong><\/td>\n<td>06 MESES<\/td>\n<\/tr>\n<tr>\n<td width=\"320\"><strong>MANUAL<\/strong><\/td>\n<td><a href=\"https:\/\/groovebikes.com.br\/wp-content\/uploads\/2019\/07\/MANUAL-DO-USUARIO-GROOVE-2022.pdf\">DOWNLOAD<\/a><\/td>\n<\/tr>\n<\/tbody>\n<\/table>\n","protected":false},"excerpt":{"rendered":"<p><a href=\"https:\/\/regisbike.com.br\/wp-content\/uploads\/2025\/09\/nome-RIFF.png\"><img decoding=\"async\" loading=\"lazy\" class=\"alignnone size-full wp-image-3417\" src=\"https:\/\/regisbike.com.br\/wp-content\/uploads\/2025\/09\/nome-RIFF.png\" alt=\"\" width=\"215\" height=\"62\" \/><\/a><\/p>\n<p>A top de linha na categoria quadro de alum\u00ednio 29er boost! A bicicleta de mountain bike\u00a0<strong>Groove Riff 29 boost 2023<\/strong>\u00a0de 12 velocidades \u00e9 para voc\u00ea que deseja enfrentar as\u00a0<strong>melhores trilhas<\/strong>, os\u00a0<strong>melhores obst\u00e1culos<\/strong>\u00a0e competir as\u00a0<strong>provas mais desafiadoras<\/strong>\u00a0do XCC, XCM ou XCO do Brasil.<\/p>\n<p>A Groove Riff 29 boost 2023 foi constru\u00edda com\u00a0<strong>precis\u00e3o, efici\u00eancia e refinamento<\/strong>, e \u00e9 equipada com os melhores componentes do mercado, com marcas de renome mundial como\u00a0<strong>Shimano<\/strong>,\u00a0<strong>Rockshox<\/strong>\u00a0e\u00a0<strong>Vitt\u00f3ria<\/strong>.<\/p>\n<p>Aproveite ao m\u00e1ximo todas as emo\u00e7\u00f5es que essa hardtail tem a oferecer.<\/p>\n<p>&nbsp;<\/p>\n<h4><strong>Componentes Shimano<\/strong><\/h4>\n<p>Conjunto de transmiss\u00e3o\u00a0<strong>100% Shimano<\/strong>, c\u00e2mbio traseiro\u00a0<strong>Deore<\/strong>\u00a0de\u00a0<strong>12 velocidades<\/strong>\u00a0com a mesma qualidade e resist\u00eancia de grupos superiores da Shimano. Cassete, corrente tamb\u00e9m Deore. O pedivela Shimano \u00e9 de acordo com o tamanho do quadro, para melhor adapta\u00e7\u00e3o do ciclista sob a bike.<\/p>\n<p>Os\u00a0<strong>freios a disco Shimano hidr\u00e1ulico<\/strong>\u00a0proporcionam uma frenagem mais segura e confiante. Os\u00a0<strong>cubos Shimano Boost<\/strong>\u00a0completam o conjunto, e assim a Groove Riff 2023 se torna a bike em alum\u00ednio perfeita para voc\u00ea ter\u00a0<strong>alta performance<\/strong>\u00a0e o\u00a0<strong>melhor rendimento<\/strong>\u00a0em suas trilhas e competi\u00e7\u00f5es.<\/p>\n<p>&nbsp;<\/p>\n<h4><strong>Demais componentes<\/strong><\/h4>\n<p>A bicicleta Groove Riff 2023 vem equipada com o novo\u00a0<strong>cockpit Groove Technic<\/strong>, guid\u00e3o de 740\u00d731.8mm e Backsweep 9\u00ba que oferecem mais conforto durante sua pedalada. A mesa tamb\u00e9m faz parte do grupo Technic e tamb\u00e9m \u00e9 de acordo com o tamanho do quadro para melhor adapta\u00e7\u00e3o do ciclista sob a bike.<\/p>\n<p>A\u00a0<strong>suspens\u00e3o Rockshox Judy Silver<\/strong>\u00a0Solo Air Tapered 100mm proporciona praticidade em suas trilhas, assim como os\u00a0<strong>aros<\/strong>\u00a0preparados para\u00a0<strong>Tubeless<\/strong>\u00a0e os\u00a0<strong>pneus Vittoria<\/strong>\u00a0XCR Barzo e Mezcal de 2.25.<\/p>\n<p>&nbsp;<\/p>\n<h4><strong>Quadro da bike: garantia e detalhes<\/strong><\/h4>\n<p>O quadro da bike\u00a0<strong>Groove Riff 2023<\/strong>\u00a0\u00e9 produzido em alum\u00ednio\u00a0<strong>X-Lite<\/strong>,\u00a0<strong>Boost<\/strong>\u00a0148mm, com cabeamento interno, caixa de dire\u00e7\u00e3o\u00a0<strong>Tapered<\/strong>\u00a0com \u00e2ngulo de\u00a0<strong>68.5\u00ba<\/strong>\u00a0e possui\u00a0<strong>Garantia Vital\u00edcia Limitada<\/strong>\u00a0ao primeiro propriet\u00e1rio da bicicleta.\u00a0<a href=\"https:\/\/groovebikes.com.br\/termos-de-garantia\/\" target=\"_blank\" rel=\"noopener\">Clique aqui para saber mais sobre a Garantia Vital\u00edcia Limitada<\/a>\u00a0do quadro e sobre como validar. Os demais componentes possuem 6 meses de garantia.<\/p>\n<p>O\u00a0<strong>cabeamento interno<\/strong>\u00a0do quadro deixa a sua bike com muito mais estilo e conforto, por n\u00e3o ter os cabos \u00e0 mostra e possivelmente atrapalhando durante suas aventuras, treinos ou competi\u00e7\u00f5es de mountain bike.<\/p>\n<p>&nbsp;<\/p>\n<h4><strong>Disponibilidade da Groove Riff 2023 12 velocidades<\/strong><\/h4>\n<p>A bicicleta de mountain bike\u00a0<strong>Groove Riff 2023<\/strong>\u00a0\u00e9 comercializada em 4 tamanhos: S (15) \u2013 M (17) \u2013 L (19) \u2013 XL (20.5) com pneus Vittoria XCR 2.25 aro 29, sendo o\u00a0<strong>Vittoria Barzo<\/strong>\u00a0na roda dianteira e o\u00a0<strong>Vittoria Mezcal<\/strong>\u00a0na roda traseira. A Riff 2023 pesa aproximadamente\u00a0<strong>12.9kg<\/strong>.<\/p>\n<p>\u00c9 a bicicleta perfeita para voc\u00ea se destacar e ir mais longe e mais r\u00e1pido em suas disputas e treinos de mountain bike.<\/p>\n","protected":false},"featured_media":3412,"comment_status":"open","ping_status":"closed","template":"","meta":[],"product_cat":[58,61],"product_tag":[],"_links":{"self":[{"href":"https:\/\/regisbike.com.br\/index.php?rest_route=\/wp\/v2\/product\/3405"}],"collection":[{"href":"https:\/\/regisbike.com.br\/index.php?rest_route=\/wp\/v2\/product"}],"about":[{"href":"https:\/\/regisbike.com.br\/index.php?rest_route=\/wp\/v2\/types\/product"}],"replies":[{"embeddable":true,"href":"https:\/\/regisbike.com.br\/index.php?rest_route=%2Fwp%2Fv2%2Fcomments&post=3405"}],"wp:featuredmedia":[{"embeddable":true,"href":"https:\/\/regisbike.com.br\/index.php?rest_route=\/wp\/v2\/media\/3412"}],"wp:attachment":[{"href":"https:\/\/regisbike.com.br\/index.php?rest_route=%2Fwp%2Fv2%2Fmedia&parent=3405"}],"wp:term":[{"taxonomy":"product_cat","embeddable":true,"href":"https:\/\/regisbike.com.br\/index.php?rest_route=%2Fwp%2Fv2%2Fproduct_cat&post=3405"},{"taxonomy":"product_tag","embeddable":true,"href":"https:\/\/regisbike.com.br\/index.php?rest_route=%2Fwp%2Fv2%2Fproduct_tag&post=3405"}],"curies":[{"name":"wp","href":"https:\/\/api.w.org\/{rel}","templated":true}]}}