{"id":3431,"date":"2025-09-19T16:39:30","date_gmt":"2025-09-19T19:39:30","guid":{"rendered":"https:\/\/regisbike.com.br\/?post_type=product&#038;p=3431"},"modified":"2026-03-25T09:15:03","modified_gmt":"2026-03-25T12:15:03","slug":"bicicleta-groove-rhythm-9-12v","status":"publish","type":"product","link":"https:\/\/regisbike.com.br\/?product=bicicleta-groove-rhythm-9-12v","title":{"rendered":"BICICLETA GROOVE RHYTHM 9 12V"},"content":{"rendered":"<table width=\"0\">\n<tbody>\n<tr>\n<td width=\"320\"><strong>TAMANHOS<\/strong><\/td>\n<td>S (15.5) &#8211; M (17) &#8211; L (18.5) &#8211; XL (20.5) \/ 29ER<\/td>\n<\/tr>\n<tr>\n<td width=\"320\"><strong>COR<\/strong><\/td>\n<td>AZUL PRISM\/AZUL ESCURO OU VERMELHO\/PRETO OU VERDE\/GRAFITE FOSCO<\/td>\n<\/tr>\n<tr>\n<td width=\"320\"><strong>QUADRO<\/strong><\/td>\n<td>NOVO GROOVE CARBON UDH CABEAMENTO INTERNO L CAIXA DE DIRE\u00c7\u00c3O TAPERED L BOOST L GANCHEIRA COMPAT\u00cdVEL SRAM UDH<\/td>\n<\/tr>\n<tr>\n<td width=\"320\"><strong>SUSPENS\u00c3O<\/strong><\/td>\n<td>ROCKSHOX SID SEL DEBONAIR TAPERED 100MM COM TRAVA<\/td>\n<\/tr>\n<tr>\n<td width=\"320\"><strong>TROCADOR<\/strong><\/td>\n<td>SHIMANO SLX 12V SL-M7100-R<\/td>\n<\/tr>\n<tr>\n<td width=\"320\"><strong>C\u00c2MBIO TRASEIRO<\/strong><\/td>\n<td>SHIMANO XT 12V SGS RD-M8100<\/td>\n<\/tr>\n<tr>\n<td width=\"320\"><strong>C\u00c2MBIO DIANTEIRO<\/strong><\/td>\n<td>&#8211;<\/td>\n<\/tr>\n<tr>\n<td width=\"320\"><strong>PEDIVELA<\/strong><\/td>\n<td>SHIMANO SLX 34D FC-M7100-1 S (15.5) 170MM I M (17) &#8211; L (18.5) &#8211; XL (20.5) 175MM<\/td>\n<\/tr>\n<tr>\n<td width=\"320\"><strong>CASSETE OU RODA LIVRE<\/strong><\/td>\n<td>SHIMANO SLX 12V 10-51D CS-M7100-12<\/td>\n<\/tr>\n<tr>\n<td width=\"320\"><strong>CORRENTE<\/strong><\/td>\n<td>SHIMANO DEORE CN-M6100<\/td>\n<\/tr>\n<tr>\n<td width=\"320\"><strong>ALAVANCA DE FREIO<\/strong><\/td>\n<td>SHIMANO BL-MT501 HIDR\u00c1ULICO<\/td>\n<\/tr>\n<tr>\n<td width=\"320\"><strong>FREIO<\/strong><\/td>\n<td>SHIMANO BR-MT500 HIDR\u00c1ULICO ROTOR SHIMANO RT54 160MM CENTER LOCK<\/td>\n<\/tr>\n<tr>\n<td width=\"320\"><strong>MOVIMENTO CENTRAL<\/strong><\/td>\n<td>TOKEN NINJA INTEGRADO BB92<\/td>\n<\/tr>\n<tr>\n<td width=\"320\"><strong>CUBOS<\/strong><\/td>\n<td>SHIMANO HB-MT400 BOOST 15X110MM\/ FH-MT410 BOOST 12X148MM<\/td>\n<\/tr>\n<tr>\n<td width=\"320\"><strong>RAIOS<\/strong><\/td>\n<td>INOX PRETO<\/td>\n<\/tr>\n<tr>\n<td width=\"320\"><strong>AROS<\/strong><\/td>\n<td>GROOVE ALUM\u00cdNIO, TUBELESS READY, PAREDE DUPLA 32F<\/td>\n<\/tr>\n<tr>\n<td width=\"320\"><strong>GUID\u00c3O<\/strong><\/td>\n<td>GROOVE TECHNIC X-LITE 740X31.8MM BACKSWEEP 9\u00ba<\/td>\n<\/tr>\n<tr>\n<td width=\"320\"><strong>MESA<\/strong><\/td>\n<td>GROOVE X-LITE (S-M) 80MM (L-XL) 90MM<\/td>\n<\/tr>\n<tr>\n<td width=\"320\"><strong>CANOTE<\/strong><\/td>\n<td>RETR\u00c1TIL X-FUSION MANIC 27.2 CURSO 100MM<\/td>\n<\/tr>\n<tr>\n<td width=\"320\"><strong>ABRA\u00c7ADEIRA DE SELIM<\/strong><\/td>\n<td>GROOVE ALUM\u00cdNIO 31.8MM<\/td>\n<\/tr>\n<tr>\n<td width=\"320\"><strong>SELIM<\/strong><\/td>\n<td>GROOVE MTB<\/td>\n<\/tr>\n<tr>\n<td width=\"320\"><strong>PNEU<\/strong><\/td>\n<td>VITTORIA XCR &#8211; DT: BARZO 29X2.25 L TR: MEZCAL 29X2.25<\/td>\n<\/tr>\n<tr>\n<td width=\"320\"><strong>PESO<\/strong><\/td>\n<td>11.3KG APROX.<\/td>\n<\/tr>\n<tr>\n<td width=\"320\"><strong>GARANTIA QUADRO<\/strong><\/td>\n<td>02 ANOS<\/td>\n<\/tr>\n<tr>\n<td width=\"320\"><strong>GARANTIA COMPONENTES<\/strong><\/td>\n<td>06 MESES<\/td>\n<\/tr>\n<tr>\n<td width=\"320\"><strong>MANUAL<\/strong><\/td>\n<td><a href=\"https:\/\/groovebikes.com.br\/wp-content\/uploads\/2019\/07\/MANUAL-DO-USUARIO-GROOVE-2022.pdf\">DOWNLOAD<\/a><\/td>\n<\/tr>\n<\/tbody>\n<\/table>\n","protected":false},"excerpt":{"rendered":"<p><a href=\"https:\/\/regisbike.com.br\/wp-content\/uploads\/2025\/09\/Rhythm-Carbon-9.png\"><img decoding=\"async\" loading=\"lazy\" class=\"alignnone size-full wp-image-3444\" src=\"https:\/\/regisbike.com.br\/wp-content\/uploads\/2025\/09\/Rhythm-Carbon-9.png\" alt=\"\" width=\"274\" height=\"38\" \/><\/a><\/p>\n<ul>\n<li>Novo Quadro Groove Rhythm atualizado com geometria com triangulo curto<\/li>\n<li>Cabeamento com roteador interno 100% pela caixa de dire\u00e7\u00e3o<\/li>\n<li>Gancheira compat\u00edvel com UDH SRAM<\/li>\n<li>Suspens\u00e3o Rock Shox SID Select 100mm<\/li>\n<li>Pneu Vittoria Barzo e Mezcal 2.25mm<\/li>\n<li>Componentes SHIMANO 12v<\/li>\n<\/ul>\n<p><strong>Componentes<\/strong><\/p>\n<p>Conjunto de transmiss\u00e3o\u00a0<strong>100% Shimano<\/strong>, c\u00e2mbio traseiro XT de\u00a0<strong>12 velocidades<\/strong>\u00a0com a mesma qualidade e resist\u00eancia de grupos superiores da Shimano. Cassete Shimano SLX e corrente Deore. O pedivela Shimano \u00e9 de acordo com o tamanho do quadro, para melhor adapta\u00e7\u00e3o do ciclista sob a bike.<\/p>\n<p>Os\u00a0<strong>freios a disco Shimano hidr\u00e1ulico<\/strong>\u00a0proporcionam uma frenagem mais segura e confiante. Os\u00a0<strong>cubos Shimano Boost<\/strong>\u00a0completam o conjunto, e assim a mountain bike\u00a0<strong>Groove Rhythm Carbon 9<\/strong>\u00a0se torna a\u00a0<strong>bike de carbono perfeita<\/strong>\u00a0para voc\u00ea ter\u00a0<strong>alta performance<\/strong>\u00a0e o melhor\u00a0<strong>rendimento<\/strong>\u00a0em suas trilhas, treinos e competi\u00e7\u00f5es.<\/p>\n<p><strong>Demais componentes<\/strong><\/p>\n<p>A bicicleta\u00a0<strong>Groove Rhythm Carbon 9<\/strong>\u00a0\u00e9 equipada com o novo\u00a0<strong>cockpit Groove<\/strong>, guid\u00e3o de 740\u00d731.8mm e\u00a0<strong>Backsweep 9\u00ba<\/strong>\u00a0que oferecem mais conforto durante sua pedalada. A mesa \u00e9 de acordo com o tamanho do quadro para melhor adapta\u00e7\u00e3o do ciclista sob a bike.<\/p>\n<p>A suspens\u00e3o\u00a0<strong>Rockshox SID SEL Debonair Solo 15x110mm Tapered 100mm<\/strong>\u00a0com a trava Rockshox\u00a0<strong>Poploc<\/strong>\u00a0no guid\u00e3o proporciona praticidade em suas trilhas, assim como os\u00a0<strong>aros preparados para Tubeless<\/strong>\u00a0e os pneus Vittoria XCR Barzo e Mezcal de 2.25.<\/p>\n<p><strong>Disponibilidade da Groove Rhythm Carbon 7 12 velocidades<\/strong><\/p>\n<p>A bicicleta de mountain bike\u00a0<strong>Groove Rhythm Carbon 9<\/strong>\u00a0\u00e9 comercializada em 4 tamanhos: S (15.5) \u2013 M (17) \u2013 L (18.5) \u2013 XL (20.5) com pneus\u00a0<strong>Vittoria XCR<\/strong>\u00a02.25 aro 29, sendo o Vittoria\u00a0<strong>Barzo<\/strong>\u00a0na roda dianteira e o Vittoria\u00a0<strong>Mezcal<\/strong>\u00a0na roda traseira. A Rhythm Carbon 9 possui 2 anos de garantia para o quadro de carbono e 06 meses para os demais componentes. Pesa aproximadamente 11.3kg. J\u00e1 o quadro avulso pesa 1.2kg.<\/p>\n<p>\u00c9 a bicicleta perfeita para voc\u00ea se destacar e ir mais longe, com mais conforto e mais r\u00e1pido em suas disputas e treinos de mountain bike.<\/p>\n","protected":false},"featured_media":3442,"comment_status":"open","ping_status":"closed","template":"","meta":[],"product_cat":[58,61],"product_tag":[],"_links":{"self":[{"href":"https:\/\/regisbike.com.br\/index.php?rest_route=\/wp\/v2\/product\/3431"}],"collection":[{"href":"https:\/\/regisbike.com.br\/index.php?rest_route=\/wp\/v2\/product"}],"about":[{"href":"https:\/\/regisbike.com.br\/index.php?rest_route=\/wp\/v2\/types\/product"}],"replies":[{"embeddable":true,"href":"https:\/\/regisbike.com.br\/index.php?rest_route=%2Fwp%2Fv2%2Fcomments&post=3431"}],"wp:featuredmedia":[{"embeddable":true,"href":"https:\/\/regisbike.com.br\/index.php?rest_route=\/wp\/v2\/media\/3442"}],"wp:attachment":[{"href":"https:\/\/regisbike.com.br\/index.php?rest_route=%2Fwp%2Fv2%2Fmedia&parent=3431"}],"wp:term":[{"taxonomy":"product_cat","embeddable":true,"href":"https:\/\/regisbike.com.br\/index.php?rest_route=%2Fwp%2Fv2%2Fproduct_cat&post=3431"},{"taxonomy":"product_tag","embeddable":true,"href":"https:\/\/regisbike.com.br\/index.php?rest_route=%2Fwp%2Fv2%2Fproduct_tag&post=3431"}],"curies":[{"name":"wp","href":"https:\/\/api.w.org\/{rel}","templated":true}]}}