{"id":3455,"date":"2025-09-19T16:45:59","date_gmt":"2025-09-19T19:45:59","guid":{"rendered":"https:\/\/regisbike.com.br\/?post_type=product&#038;p=3455"},"modified":"2025-10-24T18:36:30","modified_gmt":"2025-10-24T21:36:30","slug":"bicicleta-groove-slap-7-12v-carbon-2026","status":"publish","type":"product","link":"https:\/\/regisbike.com.br\/?product=bicicleta-groove-slap-7-12v-carbon-2026","title":{"rendered":"BICICLETA GROOVE SLAP 7 12V CARBON 2026"},"content":{"rendered":"<table width=\"0\">\n<tbody>\n<tr>\n<td width=\"320\"><strong>TAMANHOS<\/strong><\/td>\n<td>S (16) &#8211; M (17.5) &#8211; L (18.5) &#8211; XL (20.5) \/ 29ER<\/td>\n<\/tr>\n<tr>\n<td width=\"320\"><strong>COR<\/strong><\/td>\n<td>AZUL FOSCO\/PRETO &#8211; VERMELHO\/PRETO<\/td>\n<\/tr>\n<tr>\n<td width=\"320\"><strong>QUADRO<\/strong><\/td>\n<td>CARBONO T-700\/800 &#8211; SPLIT PIVOT &#8211; CABEAMENTO INTERNO &#8211; BOOST 148MM &#8211; TAPERED<\/td>\n<\/tr>\n<tr>\n<td width=\"320\"><strong>SUSPENS\u00c3O<\/strong><\/td>\n<td>ROCKSHOX SID ULMATE BOOST 15X110 DEBONAIR+ 120MM TAPERED \/ SHOCK ROCKSHOX SID LUXE ULMATE REMOTE OUT PULL 190X45 DEBONAIR<\/td>\n<\/tr>\n<tr>\n<td width=\"320\"><strong>TROCADOR<\/strong><\/td>\n<td>SHIMANO DEORE DI2 12V SW-M6250-IR<\/td>\n<\/tr>\n<tr>\n<td width=\"320\"><strong>C\u00c2MBIO TRASEIRO<\/strong><\/td>\n<td>SHIMANO DEORE DI2 12V RD-M6250-SGS<\/td>\n<\/tr>\n<tr>\n<td width=\"320\"><strong>C\u00c2MBIO DIANTEIRO<\/strong><\/td>\n<td>&#8211;<\/td>\n<\/tr>\n<tr>\n<td width=\"320\"><strong>PEDIVELA<\/strong><\/td>\n<td>SHIMANO 34D FC-MT510-1 S (16) 170MM I M (17.5) &#8211; L (18.5) &#8211; XL (20.5) 175MM<\/td>\n<\/tr>\n<tr>\n<td width=\"320\"><strong>CASSETE OU RODA LIVRE<\/strong><\/td>\n<td>SHIMANO DEORE 12V 10-51D CS-M6100-12<\/td>\n<\/tr>\n<tr>\n<td width=\"320\"><strong>CORRENTE<\/strong><\/td>\n<td>SHIMANO DEORE CN-M6100<\/td>\n<\/tr>\n<tr>\n<td width=\"320\"><strong>ALAVANCA DE FREIO<\/strong><\/td>\n<td>SHIMANO DEORE BL-M6100 HIDR\u00c1ULICO<\/td>\n<\/tr>\n<tr>\n<td width=\"320\"><strong>FREIO<\/strong><\/td>\n<td>SHIMANO BR-M6100 HIDR\u00c1ULICO ROTOR SHIMANO RT64 DT: 180MM TR: 160MM CENTER LOCK<\/td>\n<\/tr>\n<tr>\n<td width=\"320\"><strong>MOVIMENTO CENTRAL<\/strong><\/td>\n<td>SHIMANO INTEGRADO BB MT500 (2 PIECES CRANK)<\/td>\n<\/tr>\n<tr>\n<td width=\"320\"><strong>CUBOS<\/strong><\/td>\n<td>SHIMANO HB-TC500 BOOST 15X110MM\/ FH-TC500-MS-B BOOST 12X148MM<\/td>\n<\/tr>\n<tr>\n<td width=\"320\"><strong>RAIOS<\/strong><\/td>\n<td>INOX PRETO<\/td>\n<\/tr>\n<tr>\n<td width=\"320\"><strong>AROS<\/strong><\/td>\n<td>GROOVE ALUM\u00cdNIO, TUBELESS READY, PAREDE DUPLA 32F<\/td>\n<\/tr>\n<tr>\n<td width=\"320\"><strong>GUID\u00c3O<\/strong><\/td>\n<td>GROOVE 740X31.8MM BACKSWEEP 9\u00b0<\/td>\n<\/tr>\n<tr>\n<td width=\"320\"><strong>MESA<\/strong><\/td>\n<td>GROOVE (S-M) 80MM (L-XL) 90MM<\/td>\n<\/tr>\n<tr>\n<td width=\"320\"><strong>CANOTE<\/strong><\/td>\n<td>RETR\u00c1L X-FUSION MANIC 31.6 CURSO (S-M) 100MM (L-XL) 125MM<\/td>\n<\/tr>\n<tr>\n<td width=\"320\"><strong>ABRA\u00c7ADEIRA DE SELIM<\/strong><\/td>\n<td>GROOVE ALUM\u00cdNIO 35MM<\/td>\n<\/tr>\n<tr>\n<td width=\"320\"><strong>SELIM<\/strong><\/td>\n<td>GROOVE MTB<\/td>\n<\/tr>\n<tr>\n<td width=\"320\"><strong>PNEU<\/strong><\/td>\n<td>VIORIA XCR &#8211; DT: MEZCAL 29X2.40 L TR: PEYOTE 29X2.40<\/td>\n<\/tr>\n<tr>\n<td width=\"320\"><strong>PESO<\/strong><\/td>\n<td>12.6KG APROX.<\/td>\n<\/tr>\n<tr>\n<td width=\"320\"><strong>GARANTIA QUADRO<\/strong><\/td>\n<td>02 ANOS<\/td>\n<\/tr>\n<tr>\n<td width=\"320\"><strong>GARANTIA COMPONENTES<\/strong><\/td>\n<td>06 MESES<\/td>\n<\/tr>\n<tr>\n<td width=\"320\"><strong>MANUAL<\/strong><\/td>\n<td><a href=\"https:\/\/groovebikes.com.br\/wp-content\/uploads\/2019\/07\/MANUAL-DO-USUARIO-GROOVE-2022.pdf\">DOWNLOAD<\/a><\/td>\n<\/tr>\n<\/tbody>\n<\/table>\n","protected":false},"excerpt":{"rendered":"<p><a href=\"https:\/\/regisbike.com.br\/wp-content\/uploads\/2025\/09\/Slap-Carbon-7.png\"><img decoding=\"async\" loading=\"lazy\" class=\"alignnone size-full wp-image-3454\" src=\"https:\/\/regisbike.com.br\/wp-content\/uploads\/2025\/09\/Slap-Carbon-7.png\" alt=\"\" width=\"172\" height=\"37\" \/><\/a><\/p>\n<div class=\"flex-shrink-0 flex flex-col relative items-end\">\n<div>\n<div class=\"pt-0\">\n<div class=\"gizmo-bot-avatar flex h-8 w-8 items-center justify-center overflow-hidden rounded-full\">\n<p><strong>Slap Carbon 7: Feita para superar limites e redefinir o desempenho em trilhas.<\/strong><br \/>\nCombinando\u00a0<strong>inova\u00e7\u00e3o<\/strong>,\u00a0<strong>efici\u00eancia<\/strong>\u00a0e\u00a0<strong>conforto<\/strong>, a Slap Carbon 7 \u00e9 a escolha perfeita para quem busca aventura em terrenos desafiadores.<\/p>\n<h3>Caracter\u00edsticas principais:<\/h3>\n<\/div>\n<\/div>\n<\/div>\n<\/div>\n<div class=\"group\/conversation-turn relative flex w-full min-w-0 flex-col agent-turn\">\n<div class=\"flex-col gap-1 md:gap-3\">\n<div class=\"flex max-w-full flex-col flex-grow\">\n<div class=\"min-h-8 text-message flex w-full flex-col items-end gap-2 whitespace-normal break-words text-start [.text-message+&amp;]:mt-5\" dir=\"auto\" data-message-author-role=\"assistant\" data-message-id=\"ef03b2ac-6870-4007-85f3-6940407c5baf\" data-message-model-slug=\"gpt-4o\">\n<div class=\"flex w-full flex-col gap-1 empty:hidden first:pt-[3px]\">\n<p data-start=\"59\" data-end=\"312\"><strong data-start=\"59\" data-end=\"69\">QUADRO<\/strong><br data-start=\"69\" data-end=\"72\" \/>Nova gera\u00e7\u00e3o do quadro\u00a0<em data-start=\"95\" data-end=\"108\">Slap Carbon<\/em>\u00a0com\u00a0<strong data-start=\"113\" data-end=\"131\">120mm de curso<\/strong>, constru\u00eddo em\u00a0<strong data-start=\"147\" data-end=\"179\">fibra de carbono TORAY T-800<\/strong>, garantindo leveza e rigidez na medida certa. Com\u00a0<em data-start=\"230\" data-end=\"248\">Chain Stay curto<\/em>, gancheira UDH, e agora com o avan\u00e7ado sistema\u00a0<em data-start=\"296\" data-end=\"309\">Split Pivot<\/em>.<\/p>\n<p data-start=\"319\" data-end=\"555\"><b>O QUE \u00c9 SPLIT PIVOT?<\/b><\/p>\n<p data-start=\"319\" data-end=\"555\">O\u00a0<em data-start=\"348\" data-end=\"361\">Split Pivot<\/em>\u00a0separa as for\u00e7as de acelera\u00e7\u00e3o das for\u00e7as de frenagem na suspens\u00e3o. Isso permite que a suspens\u00e3o trabalhe de forma independente da pedalada e da frenagem, garantindo melhor controle e tra\u00e7\u00e3o.<\/p>\n<p data-start=\"557\" data-end=\"893\">Como o piv\u00f4 principal est\u00e1 alinhado ao eixo da roda, a suspens\u00e3o absorve impactos sem interfer\u00eancia da acelera\u00e7\u00e3o ou frenagem. Diferente dos sistemas convencionais, onde a frenagem pode causar \u201ctravamento\u201d na suspens\u00e3o, o\u00a0<em data-start=\"779\" data-end=\"792\">Split Pivot<\/em>\u00a0reduz este efeito \u2014 resultando em mais desempenho em terrenos irregulares, especialmente ao frear.<\/p>\n<p data-start=\"900\" data-end=\"1103\"><strong data-start=\"900\" data-end=\"913\">VANTAGENS<\/strong><br data-start=\"913\" data-end=\"916\" \/><strong data-start=\"916\" data-end=\"941\">Efici\u00eancia e Controle<\/strong><br data-start=\"941\" data-end=\"944\" \/>O\u00a0<em data-start=\"946\" data-end=\"959\">Split Pivot<\/em>\u00a0\u00e9 projetado para minimizar a interfer\u00eancia da suspens\u00e3o no movimento de pedalada, resultando em uma transfer\u00eancia de pot\u00eancia mais eficiente.<\/p>\n<p data-start=\"1105\" data-end=\"1210\">A capacidade de absor\u00e7\u00e3o de impactos \u00e9 otimizada, proporcionando uma pilotagem mais suave e controlada.<\/p>\n<p><strong>CONTROLE E PRECIS\u00c3O<\/strong><\/p>\n<ul>\n<li><strong>Amortecedor Traseiro Rockshox SIDLUXE Ultimate Remote Out Pull 190\u00d745 Debonair:<\/strong>\u00a0Ajustado para oferecer tra\u00e7\u00e3o superior e estabilidade mesmo nas condi\u00e7\u00f5es mais exigentes.<\/li>\n<li><strong>Suspens\u00e3o Rockshox SID SEL RL Boost 15\u00d7110 Debonair+ 120mm Tapered:<\/strong>\u00a0Com 120mm de curso, garante suavidade e controle em descidas r\u00e1pidas e terrenos irregulares.<\/li>\n<li><strong>Trava de Suspens\u00e3o Rockshox Twistloc:<\/strong>\u00a0Bloqueio simult\u00e2neo das suspens\u00f5es dianteira e traseira para m\u00e1xima efici\u00eancia em subidas e trechos planos.<\/li>\n<\/ul>\n<p><strong>MAIS VERSATILIDADE EM TRILHA<\/strong><br \/>\nCom suporte para\u00a0<strong>duas caramanholas<\/strong>\u00a0(exceto no tamanho S).<\/p>\n<\/div>\n<\/div>\n<\/div>\n<\/div>\n<\/div>\n","protected":false},"featured_media":3459,"comment_status":"open","ping_status":"closed","template":"","meta":[],"product_cat":[58,61],"product_tag":[],"_links":{"self":[{"href":"https:\/\/regisbike.com.br\/index.php?rest_route=\/wp\/v2\/product\/3455"}],"collection":[{"href":"https:\/\/regisbike.com.br\/index.php?rest_route=\/wp\/v2\/product"}],"about":[{"href":"https:\/\/regisbike.com.br\/index.php?rest_route=\/wp\/v2\/types\/product"}],"replies":[{"embeddable":true,"href":"https:\/\/regisbike.com.br\/index.php?rest_route=%2Fwp%2Fv2%2Fcomments&post=3455"}],"wp:featuredmedia":[{"embeddable":true,"href":"https:\/\/regisbike.com.br\/index.php?rest_route=\/wp\/v2\/media\/3459"}],"wp:attachment":[{"href":"https:\/\/regisbike.com.br\/index.php?rest_route=%2Fwp%2Fv2%2Fmedia&parent=3455"}],"wp:term":[{"taxonomy":"product_cat","embeddable":true,"href":"https:\/\/regisbike.com.br\/index.php?rest_route=%2Fwp%2Fv2%2Fproduct_cat&post=3455"},{"taxonomy":"product_tag","embeddable":true,"href":"https:\/\/regisbike.com.br\/index.php?rest_route=%2Fwp%2Fv2%2Fproduct_tag&post=3455"}],"curies":[{"name":"wp","href":"https:\/\/api.w.org\/{rel}","templated":true}]}}