{"id":772,"date":"2020-10-30T08:53:51","date_gmt":"2020-10-30T11:53:51","guid":{"rendered":"https:\/\/regisbike.com.br\/?post_type=product&#038;p=772"},"modified":"2022-12-29T22:20:12","modified_gmt":"2022-12-30T01:20:12","slug":"corrente-sram-pc-gx-eagle-126-elos-prata","status":"publish","type":"product","link":"https:\/\/regisbike.com.br\/?product=corrente-sram-pc-gx-eagle-126-elos-prata","title":{"rendered":"Corrente SRAM PC GX Eagle 126 Elos Prata"},"content":{"rendered":"<p><strong>Especifica\u00e7\u00f5es:<\/strong><br \/>\n&#8211; <strong>Marca:<\/strong> SRAM;<br \/>\n<strong>&#8211; Modelo:<\/strong> PC-GX EAGLE;<br \/>\n<strong>&#8211; Linha:<\/strong> SRAM GX EAGLE;<br \/>\n<strong>&#8211; Uso em rela\u00e7\u00e3o:<\/strong> 12 Velocidades SRAM EAGLE;<br \/>\n<strong>&#8211; Cor:<\/strong>\u00a0Prata e Preto;<br \/>\n<strong>&#8211; Sistema:<\/strong> SRAM X-SYNC \u2122 1x , SRAM PowerLock e SRAM <strong>SolidPin;<\/strong><br \/>\n&#8211;<strong> Emenda:<\/strong> Power Lock, emenda de corrente PRATA inclu\u00eddo;<br \/>\n<strong>&#8211; Indicado para:<\/strong> uso espec\u00edfico com 01 coroa e rela\u00e7\u00f5es de 12 velocidades SRAM EAGLE;<br \/>\n<strong>&#8211; Peso:<\/strong> 290g;<\/p>\n","protected":false},"excerpt":{"rendered":"<p>A corrente GX Eagle \u2122 foi projetada com a geometria Eagle \u2122 da SRAM, possui constru\u00e7\u00e3o de pinos s\u00f3lidos, Eagle \u2122 PowerLock \u00ae e deslocamento suave e eficiente, que voc\u00ea pode contar a todo momento.<\/p>\n","protected":false},"featured_media":773,"comment_status":"open","ping_status":"closed","template":"","meta":[],"product_cat":[17,18],"product_tag":[],"_links":{"self":[{"href":"https:\/\/regisbike.com.br\/index.php?rest_route=\/wp\/v2\/product\/772"}],"collection":[{"href":"https:\/\/regisbike.com.br\/index.php?rest_route=\/wp\/v2\/product"}],"about":[{"href":"https:\/\/regisbike.com.br\/index.php?rest_route=\/wp\/v2\/types\/product"}],"replies":[{"embeddable":true,"href":"https:\/\/regisbike.com.br\/index.php?rest_route=%2Fwp%2Fv2%2Fcomments&post=772"}],"wp:featuredmedia":[{"embeddable":true,"href":"https:\/\/regisbike.com.br\/index.php?rest_route=\/wp\/v2\/media\/773"}],"wp:attachment":[{"href":"https:\/\/regisbike.com.br\/index.php?rest_route=%2Fwp%2Fv2%2Fmedia&parent=772"}],"wp:term":[{"taxonomy":"product_cat","embeddable":true,"href":"https:\/\/regisbike.com.br\/index.php?rest_route=%2Fwp%2Fv2%2Fproduct_cat&post=772"},{"taxonomy":"product_tag","embeddable":true,"href":"https:\/\/regisbike.com.br\/index.php?rest_route=%2Fwp%2Fv2%2Fproduct_tag&post=772"}],"curies":[{"name":"wp","href":"https:\/\/api.w.org\/{rel}","templated":true}]}}