{"id":860,"date":"2021-01-06T18:27:31","date_gmt":"2021-01-06T21:27:31","guid":{"rendered":"http:\/\/regisbike.com.br\/?post_type=product&#038;p=860"},"modified":"2022-07-28T13:53:48","modified_gmt":"2022-07-28T16:53:48","slug":"corrente-shimano-cn-hg601-116l-11v","status":"publish","type":"product","link":"https:\/\/regisbike.com.br\/?product=corrente-shimano-cn-hg601-116l-11v","title":{"rendered":"CORRENTE SHIMANO CN-M7100 126L 12V"},"content":{"rendered":"<p>&#8211;<strong> Marca:<\/strong> Shimano;<br \/>\n&#8211;<strong> Modelo:<\/strong> CN-M7100 &#8211; 12v;<br \/>\n&#8211; <strong>Linha shimano 105 e SLX-M7000;<\/strong><br \/>\n&#8211; <strong>12 velocidades;<\/strong><br \/>\n&#8211; <strong>128 elos;<\/strong><br \/>\n&#8211;<strong> Compat\u00edvel com cassetes de MTB ou Speed;<\/strong><br \/>\n&#8211; <strong>Desenho sim\u00e9trico;<\/strong><br \/>\n&#8211; <strong>Revestimento SIL-TEC;<\/strong><br \/>\n&#8211; <strong>Peso 269g.<\/strong><\/p>\n","protected":false},"excerpt":{"rendered":"<p>A atual corrente CN-HG601 de 11 velocidades \u00e9 sim\u00e9trica e oferece baixo peso e alta durabilidade.<br \/>\nCom tratamento de superf\u00edcie de atrito ultra baixo &#8220;Sil-Tec&#8221; da Shimano resulta menor atrito, menor ru\u00eddo, desempenho de remo\u00e7\u00e3o de lama, maior resist\u00eancia ao desgaste e a abras\u00e3o<\/p>\n","protected":false},"featured_media":2416,"comment_status":"open","ping_status":"closed","template":"","meta":[],"product_cat":[17,18],"product_tag":[],"_links":{"self":[{"href":"https:\/\/regisbike.com.br\/index.php?rest_route=\/wp\/v2\/product\/860"}],"collection":[{"href":"https:\/\/regisbike.com.br\/index.php?rest_route=\/wp\/v2\/product"}],"about":[{"href":"https:\/\/regisbike.com.br\/index.php?rest_route=\/wp\/v2\/types\/product"}],"replies":[{"embeddable":true,"href":"https:\/\/regisbike.com.br\/index.php?rest_route=%2Fwp%2Fv2%2Fcomments&post=860"}],"wp:featuredmedia":[{"embeddable":true,"href":"https:\/\/regisbike.com.br\/index.php?rest_route=\/wp\/v2\/media\/2416"}],"wp:attachment":[{"href":"https:\/\/regisbike.com.br\/index.php?rest_route=%2Fwp%2Fv2%2Fmedia&parent=860"}],"wp:term":[{"taxonomy":"product_cat","embeddable":true,"href":"https:\/\/regisbike.com.br\/index.php?rest_route=%2Fwp%2Fv2%2Fproduct_cat&post=860"},{"taxonomy":"product_tag","embeddable":true,"href":"https:\/\/regisbike.com.br\/index.php?rest_route=%2Fwp%2Fv2%2Fproduct_tag&post=860"}],"curies":[{"name":"wp","href":"https:\/\/api.w.org\/{rel}","templated":true}]}}