{"id":966,"date":"2021-01-26T15:40:54","date_gmt":"2021-01-26T18:40:54","guid":{"rendered":"http:\/\/regisbike.com.br\/?post_type=product&#038;p=966"},"modified":"2024-01-03T14:29:16","modified_gmt":"2024-01-03T17:29:16","slug":"bicicleta-rharu-aro-16-morcego","status":"publish","type":"product","link":"https:\/\/regisbike.com.br\/?product=bicicleta-rharu-aro-16-morcego","title":{"rendered":"BICICLETA RHARU ARO 16 MORCEGO"},"content":{"rendered":"<p style=\"text-align: center\"><strong>Bicicleta Rharu aro 16 Morcego<\/strong><\/p>\n<p><strong>Quadro:<\/strong> A\u00e7o Carbono;<br \/>\n<strong>Movimento de Dire\u00e7\u00e3o:<\/strong> Stander;<br \/>\n<strong>Freios:<\/strong> V-Brake Nylon;<br \/>\n<strong>Aros:<\/strong> Alum\u00ednio 16&#215;1.75;<br \/>\n<strong>Pedivela:<\/strong> Monobloco 115;<br \/>\n<strong>Guid\u00e3o:<\/strong> Conjugado de A\u00e7o;<br \/>\n<strong>Pedal:<\/strong> Nylon Mtb \u00bd;<br \/>\n<strong>Selim:<\/strong> Mirim Cartoon;<br \/>\n<strong>Pneu:<\/strong> 16&#215;1.75;<br \/>\n<strong>Acess\u00f3rios:<\/strong> Roda Lateral + Placa.<\/p>\n","protected":false},"excerpt":{"rendered":"<p>Bicicleta Rharu aro 16 Morcego Quadro: A\u00e7o Carbono; Movimento de Dire\u00e7\u00e3o: Stander; Freios: V-Brake Nylon; Aros: Alum\u00ednio 16&#215;1.75; Pedivela: Monobloco 115; Guid\u00e3o: Conjugado de A\u00e7o; Pedal: Nylon Mtb \u00bd; Selim: Mirim Cartoon; Pneu: 16&#215;1.75; Acess\u00f3rios: Roda Lateral + Placa.<\/p>\n","protected":false},"featured_media":967,"comment_status":"open","ping_status":"closed","template":"","meta":[],"product_cat":[58,60],"product_tag":[],"_links":{"self":[{"href":"https:\/\/regisbike.com.br\/index.php?rest_route=\/wp\/v2\/product\/966"}],"collection":[{"href":"https:\/\/regisbike.com.br\/index.php?rest_route=\/wp\/v2\/product"}],"about":[{"href":"https:\/\/regisbike.com.br\/index.php?rest_route=\/wp\/v2\/types\/product"}],"replies":[{"embeddable":true,"href":"https:\/\/regisbike.com.br\/index.php?rest_route=%2Fwp%2Fv2%2Fcomments&post=966"}],"wp:featuredmedia":[{"embeddable":true,"href":"https:\/\/regisbike.com.br\/index.php?rest_route=\/wp\/v2\/media\/967"}],"wp:attachment":[{"href":"https:\/\/regisbike.com.br\/index.php?rest_route=%2Fwp%2Fv2%2Fmedia&parent=966"}],"wp:term":[{"taxonomy":"product_cat","embeddable":true,"href":"https:\/\/regisbike.com.br\/index.php?rest_route=%2Fwp%2Fv2%2Fproduct_cat&post=966"},{"taxonomy":"product_tag","embeddable":true,"href":"https:\/\/regisbike.com.br\/index.php?rest_route=%2Fwp%2Fv2%2Fproduct_tag&post=966"}],"curies":[{"name":"wp","href":"https:\/\/api.w.org\/{rel}","templated":true}]}}