{"id":972,"date":"2021-01-26T21:29:31","date_gmt":"2021-01-27T00:29:31","guid":{"rendered":"http:\/\/regisbike.com.br\/?post_type=product&#038;p=972"},"modified":"2024-12-23T10:41:44","modified_gmt":"2024-12-23T13:41:44","slug":"bicicleta-rharu-aro-20-miss-rosa-violeta","status":"publish","type":"product","link":"https:\/\/regisbike.com.br\/?product=bicicleta-rharu-aro-20-miss-rosa-violeta","title":{"rendered":"BICICLETA RHARU ARO 20 MISS ROSA\/VIOLETA"},"content":{"rendered":"<p><strong>Quadro:<\/strong> A\u00e7o Carbono;<br \/>\n<strong>Movimento de Dire\u00e7\u00e3o:<\/strong> Stander;<br \/>\n<strong>Freios:<\/strong> V-Brake Nylon;<br \/>\n<strong>Aros:<\/strong> Alum\u00ednio 20&#215;1.75;<br \/>\n<strong>Pedivela:<\/strong> Monobloco 140;<br \/>\n<strong>Guid\u00e3o:<\/strong> Conjugado de A\u00e7o;<br \/>\n<strong>Pedal:<\/strong> Nylon Mtb \u00bd;<br \/>\n<strong>Selim:<\/strong> Mtb Cartoon;<br \/>\n<strong>Pneu:<\/strong> 20&#215;1.75;<br \/>\n<strong>Acess\u00f3rios:<\/strong> Cesta De A\u00e7o.<\/p>\n","protected":false},"excerpt":{"rendered":"<p>Quadro: A\u00e7o Carbono; Movimento de Dire\u00e7\u00e3o: Stander; Freios: V-Brake Nylon; Aros: Alum\u00ednio 20&#215;1.75; Pedivela: Monobloco 140; Guid\u00e3o: Conjugado de A\u00e7o; Pedal: Nylon Mtb \u00bd; Selim: Mtb Cartoon; Pneu: 20&#215;1.75; Acess\u00f3rios: Cesta De A\u00e7o.<\/p>\n","protected":false},"featured_media":973,"comment_status":"open","ping_status":"closed","template":"","meta":[],"product_cat":[58,60],"product_tag":[],"_links":{"self":[{"href":"https:\/\/regisbike.com.br\/index.php?rest_route=\/wp\/v2\/product\/972"}],"collection":[{"href":"https:\/\/regisbike.com.br\/index.php?rest_route=\/wp\/v2\/product"}],"about":[{"href":"https:\/\/regisbike.com.br\/index.php?rest_route=\/wp\/v2\/types\/product"}],"replies":[{"embeddable":true,"href":"https:\/\/regisbike.com.br\/index.php?rest_route=%2Fwp%2Fv2%2Fcomments&post=972"}],"wp:featuredmedia":[{"embeddable":true,"href":"https:\/\/regisbike.com.br\/index.php?rest_route=\/wp\/v2\/media\/973"}],"wp:attachment":[{"href":"https:\/\/regisbike.com.br\/index.php?rest_route=%2Fwp%2Fv2%2Fmedia&parent=972"}],"wp:term":[{"taxonomy":"product_cat","embeddable":true,"href":"https:\/\/regisbike.com.br\/index.php?rest_route=%2Fwp%2Fv2%2Fproduct_cat&post=972"},{"taxonomy":"product_tag","embeddable":true,"href":"https:\/\/regisbike.com.br\/index.php?rest_route=%2Fwp%2Fv2%2Fproduct_tag&post=972"}],"curies":[{"name":"wp","href":"https:\/\/api.w.org\/{rel}","templated":true}]}}